{"id":1900,"date":"2020-10-17T10:17:02","date_gmt":"2020-10-17T10:17:02","guid":{"rendered":"https:\/\/www.mgalaxy.com\/acceuil\/"},"modified":"2024-11-03T17:15:54","modified_gmt":"2024-11-03T17:15:54","slug":"acceuil","status":"publish","type":"page","link":"https:\/\/www.mgalaxy.com\/fr\/","title":{"rendered":"Accueil"},"content":{"rendered":"\t\t<div data-elementor-type=\"wp-page\" data-elementor-id=\"1900\" class=\"elementor elementor-1900 elementor-1785\" data-elementor-post-type=\"page\">\n\t\t\t\t\t\t<section class=\"elementor-section elementor-top-section elementor-element elementor-element-c458538 elementor-section-boxed elementor-section-height-default elementor-section-height-default\" data-id=\"c458538\" data-element_type=\"section\" data-e-type=\"section\">\n\t\t\t\t\t\t<div class=\"elementor-container elementor-column-gap-default\">\n\t\t\t\t\t<div class=\"elementor-column elementor-col-100 elementor-top-column elementor-element elementor-element-ed7983c\" data-id=\"ed7983c\" data-element_type=\"column\" data-e-type=\"column\">\n\t\t\t<div class=\"elementor-widget-wrap elementor-element-populated\">\n\t\t\t\t\t\t<div class=\"elementor-element elementor-element-32111c2 elementor-widget elementor-widget-text-editor\" data-id=\"32111c2\" data-element_type=\"widget\" data-e-type=\"widget\" data-widget_type=\"text-editor.default\">\n\t\t\t\t<div class=\"elementor-widget-container\">\n\t\t\t\t\t\t\t\t\t<p>Un frontend avec une \u00e2me<\/p>\n\t\t\t\t\t\t\t\t<\/div>\n\t\t\t\t<\/div>\n\t\t\t\t<div class=\"elementor-element elementor-element-b8652ef elementor-arrows-position-inside elementor-pagination-position-outside elementor-widget elementor-widget-image-carousel\" data-id=\"b8652ef\" data-element_type=\"widget\" data-e-type=\"widget\" data-settings=\"{&quot;slides_to_show&quot;:&quot;1&quot;,&quot;effect&quot;:&quot;fade&quot;,&quot;navigation&quot;:&quot;both&quot;,&quot;autoplay&quot;:&quot;yes&quot;,&quot;pause_on_hover&quot;:&quot;yes&quot;,&quot;pause_on_interaction&quot;:&quot;yes&quot;,&quot;autoplay_speed&quot;:5000,&quot;infinite&quot;:&quot;yes&quot;,&quot;speed&quot;:500}\" data-widget_type=\"image-carousel.default\">\n\t\t\t\t<div class=\"elementor-widget-container\">\n\t\t\t\t\t\t\t<div class=\"elementor-image-carousel-wrapper swiper\" role=\"region\" aria-roledescription=\"carousel\" aria-label=\"Carrousel d\u2019images\" dir=\"ltr\">\n\t\t\t<div class=\"elementor-image-carousel swiper-wrapper\" aria-live=\"off\">\n\t\t\t\t\t\t\t\t<div class=\"swiper-slide\" role=\"group\" aria-roledescription=\"slide\" aria-label=\"1 sur 18\"><figure class=\"swiper-slide-inner\"><img decoding=\"async\" class=\"swiper-slide-image\" src=\"https:\/\/www.mgalaxy.com\/wp-content\/uploads\/elementor\/thumbs\/MVR2_3-pncxqq77tvqfcod751rztalsr0jxipuuxj8395qoao.jpg\" alt=\"MVR2_3\" \/><\/figure><\/div><div class=\"swiper-slide\" role=\"group\" aria-roledescription=\"slide\" aria-label=\"2 sur 18\"><figure class=\"swiper-slide-inner\"><img decoding=\"async\" class=\"swiper-slide-image\" src=\"https:\/\/www.mgalaxy.com\/wp-content\/uploads\/elementor\/thumbs\/Tile-qnjc1vfywpda2128x76cst09e12sfy82m8kaeozog0.jpg\" alt=\"Tile\" \/><\/figure><\/div><div class=\"swiper-slide\" role=\"group\" aria-roledescription=\"slide\" aria-label=\"3 sur 18\"><figure class=\"swiper-slide-inner\"><img decoding=\"async\" class=\"swiper-slide-image\" src=\"https:\/\/www.mgalaxy.com\/wp-content\/uploads\/elementor\/thumbs\/MVR2_1-pya0mkjszvisuk6vz9l23fyql9ubetymb1tzdc2hs0.jpg\" alt=\"MVR2_1\" \/><\/figure><\/div><div class=\"swiper-slide\" role=\"group\" aria-roledescription=\"slide\" aria-label=\"4 sur 18\"><figure class=\"swiper-slide-inner\"><img decoding=\"async\" class=\"swiper-slide-image\" src=\"https:\/\/www.mgalaxy.com\/wp-content\/uploads\/elementor\/thumbs\/PRES_03-py1g8blu41dpxytrb9aqg224bvetbssz80tziphev4.jpg\" alt=\"PRES_03\" \/><\/figure><\/div><div class=\"swiper-slide\" role=\"group\" aria-roledescription=\"slide\" aria-label=\"5 sur 18\"><figure class=\"swiper-slide-inner\"><img decoding=\"async\" class=\"swiper-slide-image\" src=\"https:\/\/www.mgalaxy.com\/wp-content\/uploads\/elementor\/thumbs\/MVR2_2-1-pncxqq77tvqfcod751rztalsr0jxipuuxj8395qoao.jpg\" alt=\"MVR2_2\" \/><\/figure><\/div><div class=\"swiper-slide\" role=\"group\" aria-roledescription=\"slide\" aria-label=\"6 sur 18\"><figure class=\"swiper-slide-inner\"><img decoding=\"async\" class=\"swiper-slide-image\" src=\"https:\/\/www.mgalaxy.com\/wp-content\/uploads\/elementor\/thumbs\/dbEdit-pncxqq77tvqfcod751rztalsr0jxipuuxj8395qoao.jpg\" alt=\"dbEdit\" \/><\/figure><\/div><div class=\"swiper-slide\" role=\"group\" aria-roledescription=\"slide\" aria-label=\"7 sur 18\"><figure class=\"swiper-slide-inner\"><img decoding=\"async\" class=\"swiper-slide-image\" src=\"https:\/\/www.mgalaxy.com\/wp-content\/uploads\/elementor\/thumbs\/MVR1_01-pncxqq77tvqfcod751rztalsr0jxipuuxj8395qoao.jpg\" alt=\"MVR1_01\" \/><\/figure><\/div><div class=\"swiper-slide\" role=\"group\" aria-roledescription=\"slide\" aria-label=\"8 sur 18\"><figure class=\"swiper-slide-inner\"><img decoding=\"async\" class=\"swiper-slide-image\" src=\"https:\/\/www.mgalaxy.com\/wp-content\/uploads\/elementor\/thumbs\/MVR1_02-pncxqq77tvqfcod751rztalsr0jxipuuxj8395qoao.jpg\" alt=\"MVR1_02\" \/><\/figure><\/div><div class=\"swiper-slide\" role=\"group\" aria-roledescription=\"slide\" aria-label=\"9 sur 18\"><figure class=\"swiper-slide-inner\"><img decoding=\"async\" class=\"swiper-slide-image\" src=\"https:\/\/www.mgalaxy.com\/wp-content\/uploads\/elementor\/thumbs\/MAR1_01-pncxqq77tvqfcod751rztalsr0jxipuuxj8395qoao.jpg\" alt=\"MAR1_01\" \/><\/figure><\/div><div class=\"swiper-slide\" role=\"group\" aria-roledescription=\"slide\" aria-label=\"10 sur 18\"><figure class=\"swiper-slide-inner\"><img decoding=\"async\" class=\"swiper-slide-image\" src=\"https:\/\/www.mgalaxy.com\/wp-content\/uploads\/elementor\/thumbs\/MAR1_02-pncxqq77tvqfcod751rztalsr0jxipuuxj8395qoao.jpg\" alt=\"MAR1_02\" \/><\/figure><\/div><div class=\"swiper-slide\" role=\"group\" aria-roledescription=\"slide\" aria-label=\"11 sur 18\"><figure class=\"swiper-slide-inner\"><img decoding=\"async\" class=\"swiper-slide-image\" src=\"https:\/\/www.mgalaxy.com\/wp-content\/uploads\/elementor\/thumbs\/Tile2-qnjc1z7bo1ifcgwsb8sv2s23rkk9aqmzyr68bsu3r4.jpg\" alt=\"Tile2\" \/><\/figure><\/div><div class=\"swiper-slide\" role=\"group\" aria-roledescription=\"slide\" aria-label=\"12 sur 18\"><figure class=\"swiper-slide-inner\"><img decoding=\"async\" class=\"swiper-slide-image\" src=\"https:\/\/www.mgalaxy.com\/wp-content\/uploads\/elementor\/thumbs\/MSNES_01-pncxqq77tvqfcod751rztalsr0jxipuuxj8395qoao.jpg\" alt=\"MSNES_01\" \/><\/figure><\/div><div class=\"swiper-slide\" role=\"group\" aria-roledescription=\"slide\" aria-label=\"13 sur 18\"><figure class=\"swiper-slide-inner\"><img decoding=\"async\" class=\"swiper-slide-image\" src=\"https:\/\/www.mgalaxy.com\/wp-content\/uploads\/elementor\/thumbs\/MSNES_02-pncxqq77tvqfcod751rztalsr0jxipuuxj8395qoao.jpg\" alt=\"MSNES_02\" \/><\/figure><\/div><div class=\"swiper-slide\" role=\"group\" aria-roledescription=\"slide\" aria-label=\"14 sur 18\"><figure class=\"swiper-slide-inner\"><img decoding=\"async\" class=\"swiper-slide-image\" src=\"https:\/\/www.mgalaxy.com\/wp-content\/uploads\/elementor\/thumbs\/PRES_01-pncxqq77tvqfcod751rztalsr0jxipuuxj8395qoao.jpg\" alt=\"PRES_01\" \/><\/figure><\/div><div class=\"swiper-slide\" role=\"group\" aria-roledescription=\"slide\" aria-label=\"15 sur 18\"><figure class=\"swiper-slide-inner\"><img decoding=\"async\" class=\"swiper-slide-image\" src=\"https:\/\/www.mgalaxy.com\/wp-content\/uploads\/elementor\/thumbs\/STRIPE01_01-pncxqq77tvqfcod751rztalsr0jxipuuxj8395qoao.jpg\" alt=\"STRIPE01_01\" \/><\/figure><\/div><div class=\"swiper-slide\" role=\"group\" aria-roledescription=\"slide\" aria-label=\"16 sur 18\"><figure class=\"swiper-slide-inner\"><img decoding=\"async\" class=\"swiper-slide-image\" src=\"https:\/\/www.mgalaxy.com\/wp-content\/uploads\/elementor\/thumbs\/PRES_02-pncxqq77tvqfcod751rztalsr0jxipuuxj8395qoao.jpg\" alt=\"PRES_02\" \/><\/figure><\/div><div class=\"swiper-slide\" role=\"group\" aria-roledescription=\"slide\" aria-label=\"17 sur 18\"><figure class=\"swiper-slide-inner\"><img decoding=\"async\" class=\"swiper-slide-image\" src=\"https:\/\/www.mgalaxy.com\/wp-content\/uploads\/elementor\/thumbs\/BASE_01-pncxqq77tvqfcod751rztalsr0jxipuuxj8395qoao.jpg\" alt=\"BASE_01\" \/><\/figure><\/div><div class=\"swiper-slide\" role=\"group\" aria-roledescription=\"slide\" aria-label=\"18 sur 18\"><figure class=\"swiper-slide-inner\"><img decoding=\"async\" class=\"swiper-slide-image\" src=\"https:\/\/www.mgalaxy.com\/wp-content\/uploads\/elementor\/thumbs\/BASE_02-pncxqq77tvqfcod751rztalsr0jxipuuxj8395qoao.jpg\" alt=\"BASE_02\" \/><\/figure><\/div>\t\t\t<\/div>\n\t\t\t\t\t\t\t\t\t\t\t\t<div class=\"elementor-swiper-button elementor-swiper-button-prev\" role=\"button\" tabindex=\"0\">\n\t\t\t\t\t\t<i aria-hidden=\"true\" class=\"eicon-chevron-left\"><\/i>\t\t\t\t\t<\/div>\n\t\t\t\t\t<div class=\"elementor-swiper-button elementor-swiper-button-next\" role=\"button\" tabindex=\"0\">\n\t\t\t\t\t\t<i aria-hidden=\"true\" class=\"eicon-chevron-right\"><\/i>\t\t\t\t\t<\/div>\n\t\t\t\t\n\t\t\t\t\t\t\t\t\t<div class=\"swiper-pagination\"><\/div>\n\t\t\t\t\t\t\t\t\t<\/div>\n\t\t\t\t\t\t<\/div>\n\t\t\t\t<\/div>\n\t\t\t\t<div class=\"elementor-element elementor-element-a675e1b elementor-widget elementor-widget-text-editor\" data-id=\"a675e1b\" data-element_type=\"widget\" data-e-type=\"widget\" data-widget_type=\"text-editor.default\">\n\t\t\t\t<div class=\"elementor-widget-container\">\n\t\t\t\t\t\t\t\t\t<p>mGalaxy est le meilleur lanceur (aussi appel\u00e9 \u2018frontend\u2019) pour les jeux d\u2019arcade, console et ordinateur.<\/p>\n<p>Revivez le plaisir de jouer \u00e0 tous ces jeux r\u00e9tros de votre enfance (mais aussi aux jeux actuels) avec une interface styl\u00e9e!<\/p>\n<p>Plus de 60 plateformes de jeux sont reconnues!<\/p>\n<p>mGalaxy n\u2019est pas uniquement le plus styl\u00e9 des frontend, c\u2019est tout simplement le plus accessible et le plus facile \u00e0 mettre en oeuvre!<\/p>\n\t\t\t\t\t\t\t\t<\/div>\n\t\t\t\t<\/div>\n\t\t\t\t<div class=\"elementor-element elementor-element-3ba827d elementor-align-center elementor-widget elementor-widget-button\" data-id=\"3ba827d\" data-element_type=\"widget\" data-e-type=\"widget\" data-widget_type=\"button.default\">\n\t\t\t\t<div class=\"elementor-widget-container\">\n\t\t\t\t\t\t\t\t\t<div class=\"elementor-button-wrapper\">\n\t\t\t\t\t<a class=\"elementor-button elementor-button-link elementor-size-lg\" href=\"https:\/\/www.mgalaxy.com\/fr\/telecharger\/\">\n\t\t\t\t\t\t<span class=\"elementor-button-content-wrapper\">\n\t\t\t\t\t\t\t\t\t<span class=\"elementor-button-text\">T\u00e9l\u00e9charger<\/span>\n\t\t\t\t\t<\/span>\n\t\t\t\t\t<\/a>\n\t\t\t\t<\/div>\n\t\t\t\t\t\t\t\t<\/div>\n\t\t\t\t<\/div>\n\t\t\t\t<div class=\"elementor-element elementor-element-6cc1cfc elementor-widget elementor-widget-menu-anchor\" data-id=\"6cc1cfc\" data-element_type=\"widget\" data-e-type=\"widget\" data-widget_type=\"menu-anchor.default\">\n\t\t\t\t<div class=\"elementor-widget-container\">\n\t\t\t\t\t\t\t<div class=\"elementor-menu-anchor\" id=\"FeatureAnchor\"><\/div>\n\t\t\t\t\t\t<\/div>\n\t\t\t\t<\/div>\n\t\t\t\t<div class=\"elementor-element elementor-element-855ba64 elementor-widget elementor-widget-text-editor\" data-id=\"855ba64\" data-element_type=\"widget\" data-e-type=\"widget\" data-widget_type=\"text-editor.default\">\n\t\t\t\t<div class=\"elementor-widget-container\">\n\t\t\t\t\t\t\t\t\t<p>Fonctionnalit\u00e9s<\/p>\n\t\t\t\t\t\t\t\t<\/div>\n\t\t\t\t<\/div>\n\t\t\t\t<section class=\"elementor-section elementor-inner-section elementor-element elementor-element-88837e5 elementor-section-boxed elementor-section-height-default elementor-section-height-default\" data-id=\"88837e5\" data-element_type=\"section\" data-e-type=\"section\">\n\t\t\t\t\t\t<div class=\"elementor-container elementor-column-gap-default\">\n\t\t\t\t\t<div class=\"elementor-column elementor-col-50 elementor-inner-column elementor-element elementor-element-5c3fd43\" data-id=\"5c3fd43\" data-element_type=\"column\" data-e-type=\"column\">\n\t\t\t<div class=\"elementor-widget-wrap elementor-element-populated\">\n\t\t\t\t\t\t<div class=\"elementor-element elementor-element-6e2cd8f elementor-widget elementor-widget-text-editor\" data-id=\"6e2cd8f\" data-element_type=\"widget\" data-e-type=\"widget\" data-widget_type=\"text-editor.default\">\n\t\t\t\t<div class=\"elementor-widget-container\">\n\t\t\t\t\t\t\t\t\t<ul>\r\n \t<li>Fonctionne avec un grand nombre d\u2019\u00e9mulateurs couvrant tous les syst\u00e8mes d\u2019arcade et consoles.<\/li>\r\n \t<li>Lecteur musique et radio. Des milliers de radio internet directement disponible depuis l\u2019interface de mGalaxy.<\/li>\r\n \t<li>Compatible avec le clavier, les manettes, les panneaux d\u2019arcade.<\/li>\r\n \t<li>Prise en charge de l\u2019affichage vertical et horizontal.<\/li>\r\n \t<li>Portable.<\/li>\r\n \t<li>Gestionnaire de base de donn\u00e9es (remplissage de la base de donn\u00e9es automatique et\/ou manuel).<\/li>\r\n \t<li>Screensaver\/Attract Mode.<\/li>\r\n \t<li>Verrouillage enfant pour prot\u00e9ger vos r\u00e9glages.<\/li>\r\n<\/ul>\t\t\t\t\t\t\t\t<\/div>\n\t\t\t\t<\/div>\n\t\t\t\t\t<\/div>\n\t\t<\/div>\n\t\t\t\t<div class=\"elementor-column elementor-col-50 elementor-inner-column elementor-element elementor-element-4c27ef3\" data-id=\"4c27ef3\" data-element_type=\"column\" data-e-type=\"column\">\n\t\t\t<div class=\"elementor-widget-wrap elementor-element-populated\">\n\t\t\t\t\t\t<div class=\"elementor-element elementor-element-d26c0de elementor-widget elementor-widget-text-editor\" data-id=\"d26c0de\" data-element_type=\"widget\" data-e-type=\"widget\" data-widget_type=\"text-editor.default\">\n\t\t\t\t<div class=\"elementor-widget-container\">\n\t\t\t\t\t\t\t\t\t<ul>\r\n \t<li>Pr\u00e9visualisation de l\u2019images et de la vid\u00e9o du jeu.<\/li>\r\n \t<li>Navigation dans la liste: standard\/rapide\/alphab\u00e9tique.<\/li>\r\n \t<li>Sauvegarde des favoris\/derniers jeux jou\u00e9s\/plus jou\u00e9s (m\u00eame si le nom de la rom change entretemps).<\/li>\r\n \t<li>Filtrage des jeux sur favoris et\/ou genre et\/ou nombre de joueurs et\/ou mot cl\u00e9 (filtres imbriqu\u00e9s).<\/li>\r\n \t<li>Recherche rapide via clavier ou clavier virtuel.<\/li>\r\n \t<li>S\u00e9lection al\u00e9atoire du jeu.<\/li>\r\n \t<li>Tr\u00e8s simple \u00e0 configurer et utiliser.<\/li>\r\n \t<li>Interface soign\u00e9e et agr\u00e9able.<\/li>\r\n<\/ul>\t\t\t\t\t\t\t\t<\/div>\n\t\t\t\t<\/div>\n\t\t\t\t\t<\/div>\n\t\t<\/div>\n\t\t\t\t\t<\/div>\n\t\t<\/section>\n\t\t\t\t<div class=\"elementor-element elementor-element-e214f1a elementor-align-center elementor-widget elementor-widget-button\" data-id=\"e214f1a\" data-element_type=\"widget\" data-e-type=\"widget\" data-widget_type=\"button.default\">\n\t\t\t\t<div class=\"elementor-widget-container\">\n\t\t\t\t\t\t\t\t\t<div class=\"elementor-button-wrapper\">\n\t\t\t\t\t<a class=\"elementor-button elementor-button-link elementor-size-lg\" href=\"https:\/\/www.mgalaxy.com\/fr\/premium\/\">\n\t\t\t\t\t\t<span class=\"elementor-button-content-wrapper\">\n\t\t\t\t\t\t\t\t\t<span class=\"elementor-button-text\">FONCTIONS PREMIUM<\/span>\n\t\t\t\t\t<\/span>\n\t\t\t\t\t<\/a>\n\t\t\t\t<\/div>\n\t\t\t\t\t\t\t\t<\/div>\n\t\t\t\t<\/div>\n\t\t\t\t\t<\/div>\n\t\t<\/div>\n\t\t\t\t\t<\/div>\n\t\t<\/section>\n\t\t\t\t<\/div>\n\t\t","protected":false},"excerpt":{"rendered":"<p>Un frontend avec une \u00e2me mGalaxy est le meilleur lanceur (aussi appel\u00e9 \u2018frontend\u2019) pour les jeux d\u2019arcade, console et ordinateur. Revivez le plaisir de jouer \u00e0 tous ces jeux r\u00e9tros de votre enfance (mais aussi aux jeux actuels) avec une interface styl\u00e9e! Plus de 60 plateformes de jeux sont reconnues! mGalaxy n\u2019est pas uniquement le [&hellip;]<\/p>\n","protected":false},"author":3,"featured_media":0,"parent":0,"menu_order":0,"comment_status":"closed","ping_status":"closed","template":"","meta":{"footnotes":""},"class_list":["post-1900","page","type-page","status-publish","hentry"],"yoast_head":"<!-- This site is optimized with the Yoast SEO Premium plugin v25.3.1 (Yoast SEO v27.0) - https:\/\/yoast.com\/product\/yoast-seo-premium-wordpress\/ -->\n<title>Accueil - mGalaxy<\/title>\n<meta name=\"description\" content=\"mGalaxy - The BEST and easiest frontend for emulation (Mame arcade, game console emulators) layed out in a neat and nice interface.\" \/>\n<meta name=\"robots\" content=\"index, follow, max-snippet:-1, max-image-preview:large, max-video-preview:-1\" \/>\n<link rel=\"canonical\" href=\"https:\/\/www.mgalaxy.com\/fr\/\" \/>\n<meta property=\"og:locale\" content=\"fr_FR\" \/>\n<meta property=\"og:type\" content=\"article\" \/>\n<meta property=\"og:title\" content=\"Accueil\" \/>\n<meta property=\"og:description\" content=\"mGalaxy - The BEST and easiest frontend for emulation (Mame arcade, game console emulators) layed out in a neat and nice interface.\" \/>\n<meta property=\"og:url\" content=\"https:\/\/www.mgalaxy.com\/fr\/\" \/>\n<meta property=\"og:site_name\" content=\"mGalaxy\" \/>\n<meta property=\"article:publisher\" content=\"https:\/\/www.facebook.com\/mgalaxyFE\" \/>\n<meta property=\"article:modified_time\" content=\"2024-11-03T17:15:54+00:00\" \/>\n<meta property=\"og:image\" content=\"https:\/\/www.mgalaxy.com\/wp-content\/uploads\/MVR2_3-150x150.jpg\" \/>\n<meta name=\"twitter:card\" content=\"summary_large_image\" \/>\n<meta name=\"twitter:site\" content=\"@mGalaxyFE\" \/>\n<meta name=\"twitter:label1\" content=\"Dur\u00e9e de lecture estim\u00e9e\" \/>\n\t<meta name=\"twitter:data1\" content=\"1 minute\" \/>\n<script type=\"application\/ld+json\" class=\"yoast-schema-graph\">{\"@context\":\"https:\/\/schema.org\",\"@graph\":[{\"@type\":\"WebPage\",\"@id\":\"https:\/\/www.mgalaxy.com\/fr\/\",\"url\":\"https:\/\/www.mgalaxy.com\/fr\/\",\"name\":\"Accueil - mGalaxy\",\"isPartOf\":{\"@id\":\"https:\/\/www.mgalaxy.com\/fr\/#website\"},\"primaryImageOfPage\":{\"@id\":\"https:\/\/www.mgalaxy.com\/fr\/#primaryimage\"},\"image\":{\"@id\":\"https:\/\/www.mgalaxy.com\/fr\/#primaryimage\"},\"thumbnailUrl\":\"https:\/\/www.mgalaxy.com\/wp-content\/uploads\/MVR2_3-150x150.jpg\",\"datePublished\":\"2020-10-17T10:17:02+00:00\",\"dateModified\":\"2024-11-03T17:15:54+00:00\",\"description\":\"mGalaxy - The BEST and easiest frontend for emulation (Mame arcade, game console emulators) layed out in a neat and nice interface.\",\"breadcrumb\":{\"@id\":\"https:\/\/www.mgalaxy.com\/fr\/#breadcrumb\"},\"inLanguage\":\"fr-FR\",\"potentialAction\":[{\"@type\":\"ReadAction\",\"target\":[\"https:\/\/www.mgalaxy.com\/fr\/\"]}]},{\"@type\":\"ImageObject\",\"inLanguage\":\"fr-FR\",\"@id\":\"https:\/\/www.mgalaxy.com\/fr\/#primaryimage\",\"url\":\"https:\/\/www.mgalaxy.com\/wp-content\/uploads\/MVR2_3-150x150.jpg\",\"contentUrl\":\"https:\/\/www.mgalaxy.com\/wp-content\/uploads\/MVR2_3-150x150.jpg\"},{\"@type\":\"BreadcrumbList\",\"@id\":\"https:\/\/www.mgalaxy.com\/fr\/#breadcrumb\",\"itemListElement\":[{\"@type\":\"ListItem\",\"position\":1,\"name\":\"Home\",\"item\":\"https:\/\/www.mgalaxy.com\/fr\/\"},{\"@type\":\"ListItem\",\"position\":2,\"name\":\"Accueil\"}]},{\"@type\":\"WebSite\",\"@id\":\"https:\/\/www.mgalaxy.com\/fr\/#website\",\"url\":\"https:\/\/www.mgalaxy.com\/fr\/\",\"name\":\"mGalaxy\",\"description\":\"mGalaxy - The best and easiest frontend for emulation (Mame arcade, game console emulators) layed out in a neat and nice interface.\",\"potentialAction\":[{\"@type\":\"SearchAction\",\"target\":{\"@type\":\"EntryPoint\",\"urlTemplate\":\"https:\/\/www.mgalaxy.com\/fr\/?s={search_term_string}\"},\"query-input\":{\"@type\":\"PropertyValueSpecification\",\"valueRequired\":true,\"valueName\":\"search_term_string\"}}],\"inLanguage\":\"fr-FR\"}]}<\/script>\n<!-- \/ Yoast SEO Premium plugin. -->","yoast_head_json":{"title":"Accueil - mGalaxy","description":"mGalaxy - The BEST and easiest frontend for emulation (Mame arcade, game console emulators) layed out in a neat and nice interface.","robots":{"index":"index","follow":"follow","max-snippet":"max-snippet:-1","max-image-preview":"max-image-preview:large","max-video-preview":"max-video-preview:-1"},"canonical":"https:\/\/www.mgalaxy.com\/fr\/","og_locale":"fr_FR","og_type":"article","og_title":"Accueil","og_description":"mGalaxy - The BEST and easiest frontend for emulation (Mame arcade, game console emulators) layed out in a neat and nice interface.","og_url":"https:\/\/www.mgalaxy.com\/fr\/","og_site_name":"mGalaxy","article_publisher":"https:\/\/www.facebook.com\/mgalaxyFE","article_modified_time":"2024-11-03T17:15:54+00:00","og_image":[{"url":"https:\/\/www.mgalaxy.com\/wp-content\/uploads\/MVR2_3-150x150.jpg","type":"","width":"","height":""}],"twitter_card":"summary_large_image","twitter_site":"@mGalaxyFE","twitter_misc":{"Dur\u00e9e de lecture estim\u00e9e":"1 minute"},"schema":{"@context":"https:\/\/schema.org","@graph":[{"@type":"WebPage","@id":"https:\/\/www.mgalaxy.com\/fr\/","url":"https:\/\/www.mgalaxy.com\/fr\/","name":"Accueil - mGalaxy","isPartOf":{"@id":"https:\/\/www.mgalaxy.com\/fr\/#website"},"primaryImageOfPage":{"@id":"https:\/\/www.mgalaxy.com\/fr\/#primaryimage"},"image":{"@id":"https:\/\/www.mgalaxy.com\/fr\/#primaryimage"},"thumbnailUrl":"https:\/\/www.mgalaxy.com\/wp-content\/uploads\/MVR2_3-150x150.jpg","datePublished":"2020-10-17T10:17:02+00:00","dateModified":"2024-11-03T17:15:54+00:00","description":"mGalaxy - The BEST and easiest frontend for emulation (Mame arcade, game console emulators) layed out in a neat and nice interface.","breadcrumb":{"@id":"https:\/\/www.mgalaxy.com\/fr\/#breadcrumb"},"inLanguage":"fr-FR","potentialAction":[{"@type":"ReadAction","target":["https:\/\/www.mgalaxy.com\/fr\/"]}]},{"@type":"ImageObject","inLanguage":"fr-FR","@id":"https:\/\/www.mgalaxy.com\/fr\/#primaryimage","url":"https:\/\/www.mgalaxy.com\/wp-content\/uploads\/MVR2_3-150x150.jpg","contentUrl":"https:\/\/www.mgalaxy.com\/wp-content\/uploads\/MVR2_3-150x150.jpg"},{"@type":"BreadcrumbList","@id":"https:\/\/www.mgalaxy.com\/fr\/#breadcrumb","itemListElement":[{"@type":"ListItem","position":1,"name":"Home","item":"https:\/\/www.mgalaxy.com\/fr\/"},{"@type":"ListItem","position":2,"name":"Accueil"}]},{"@type":"WebSite","@id":"https:\/\/www.mgalaxy.com\/fr\/#website","url":"https:\/\/www.mgalaxy.com\/fr\/","name":"mGalaxy","description":"mGalaxy - The best and easiest frontend for emulation (Mame arcade, game console emulators) layed out in a neat and nice interface.","potentialAction":[{"@type":"SearchAction","target":{"@type":"EntryPoint","urlTemplate":"https:\/\/www.mgalaxy.com\/fr\/?s={search_term_string}"},"query-input":{"@type":"PropertyValueSpecification","valueRequired":true,"valueName":"search_term_string"}}],"inLanguage":"fr-FR"}]}},"_links":{"self":[{"href":"https:\/\/www.mgalaxy.com\/fr\/wp-json\/wp\/v2\/pages\/1900","targetHints":{"allow":["GET"]}}],"collection":[{"href":"https:\/\/www.mgalaxy.com\/fr\/wp-json\/wp\/v2\/pages"}],"about":[{"href":"https:\/\/www.mgalaxy.com\/fr\/wp-json\/wp\/v2\/types\/page"}],"author":[{"embeddable":true,"href":"https:\/\/www.mgalaxy.com\/fr\/wp-json\/wp\/v2\/users\/3"}],"replies":[{"embeddable":true,"href":"https:\/\/www.mgalaxy.com\/fr\/wp-json\/wp\/v2\/comments?post=1900"}],"version-history":[{"count":8,"href":"https:\/\/www.mgalaxy.com\/fr\/wp-json\/wp\/v2\/pages\/1900\/revisions"}],"predecessor-version":[{"id":4179,"href":"https:\/\/www.mgalaxy.com\/fr\/wp-json\/wp\/v2\/pages\/1900\/revisions\/4179"}],"wp:attachment":[{"href":"https:\/\/www.mgalaxy.com\/fr\/wp-json\/wp\/v2\/media?parent=1900"}],"curies":[{"name":"wp","href":"https:\/\/api.w.org\/{rel}","templated":true}]}}