{"id":1385,"date":"2020-10-12T22:14:28","date_gmt":"2020-10-12T22:14:28","guid":{"rendered":"https:\/\/www.mgalaxy.com\/telecharger\/"},"modified":"2024-11-03T17:08:50","modified_gmt":"2024-11-03T17:08:50","slug":"telecharger","status":"publish","type":"page","link":"https:\/\/www.mgalaxy.com\/fr\/telecharger\/","title":{"rendered":"T\u00e9l\u00e9charger"},"content":{"rendered":"\t\t<div data-elementor-type=\"wp-page\" data-elementor-id=\"1385\" class=\"elementor elementor-1385 elementor-129\" data-elementor-post-type=\"page\">\n\t\t\t\t\t\t<section class=\"elementor-section elementor-top-section elementor-element elementor-element-9c25c3b elementor-section-boxed elementor-section-height-default elementor-section-height-default\" data-id=\"9c25c3b\" data-element_type=\"section\" data-e-type=\"section\">\n\t\t\t\t\t\t<div class=\"elementor-container elementor-column-gap-default\">\n\t\t\t\t\t<div class=\"elementor-column elementor-col-100 elementor-top-column elementor-element elementor-element-983cc8e\" data-id=\"983cc8e\" data-element_type=\"column\" data-e-type=\"column\">\n\t\t\t<div class=\"elementor-widget-wrap elementor-element-populated\">\n\t\t\t\t\t\t<div class=\"elementor-element elementor-element-bb798db elementor-widget elementor-widget-text-editor\" data-id=\"bb798db\" data-element_type=\"widget\" data-e-type=\"widget\" data-widget_type=\"text-editor.default\">\n\t\t\t\t<div class=\"elementor-widget-container\">\n\t\t\t\t\t\t\t\t\t<h2>mGalaxy v10.1 Installeur\/Mise \u00e0 jour<\/h2>\n\t\t\t\t\t\t\t\t<\/div>\n\t\t\t\t<\/div>\n\t\t\t\t<div class=\"elementor-element elementor-element-6f14dd2 elementor-widget elementor-widget-text-editor\" data-id=\"6f14dd2\" data-element_type=\"widget\" data-e-type=\"widget\" data-widget_type=\"text-editor.default\">\n\t\t\t\t<div class=\"elementor-widget-container\">\n\t\t\t\t\t\t\t\t\t<p><a href=\"https:\/\/www.mgalaxy.com\/version-history\/\" target=\"_blank\" rel=\"noopener\">Historique des versions<\/a><\/p>\n\t\t\t\t\t\t\t\t<\/div>\n\t\t\t\t<\/div>\n\t\t\t\t<section class=\"elementor-section elementor-inner-section elementor-element elementor-element-87903d8 elementor-section-boxed elementor-section-height-default elementor-section-height-default\" data-id=\"87903d8\" data-element_type=\"section\" data-e-type=\"section\" data-settings=\"{&quot;background_background&quot;:&quot;classic&quot;}\">\n\t\t\t\t\t\t<div class=\"elementor-container elementor-column-gap-wide\">\n\t\t\t\t\t<div class=\"elementor-column elementor-col-50 elementor-inner-column elementor-element elementor-element-43015c1\" data-id=\"43015c1\" data-element_type=\"column\" data-e-type=\"column\">\n\t\t\t<div class=\"elementor-widget-wrap elementor-element-populated\">\n\t\t\t\t\t\t<div class=\"elementor-element elementor-element-1a11d07 elementor-widget elementor-widget-image\" data-id=\"1a11d07\" data-element_type=\"widget\" data-e-type=\"widget\" data-widget_type=\"image.default\">\n\t\t\t\t<div class=\"elementor-widget-container\">\n\t\t\t\t\t\t\t\t\t\t\t\t\t\t\t<img fetchpriority=\"high\" decoding=\"async\" width=\"256\" height=\"256\" src=\"https:\/\/www.mgalaxy.com\/wp-content\/uploads\/macos.png\" class=\"attachment-full size-full wp-image-3804\" alt=\"\" \/>\t\t\t\t\t\t\t\t\t\t\t\t\t\t\t<\/div>\n\t\t\t\t<\/div>\n\t\t\t\t<div class=\"elementor-element elementor-element-269fa8f elementor-widget elementor-widget-text-editor\" data-id=\"269fa8f\" data-element_type=\"widget\" data-e-type=\"widget\" data-widget_type=\"text-editor.default\">\n\t\t\t\t<div class=\"elementor-widget-container\">\n\t\t\t\t\t\t\t\t\t<h3>macOS High Sierra 10.13+<\/h3>\n\t\t\t\t\t\t\t\t<\/div>\n\t\t\t\t<\/div>\n\t\t\t\t<div class=\"elementor-element elementor-element-e83cf8c elementor-align-center elementor-widget elementor-widget-button\" data-id=\"e83cf8c\" data-element_type=\"widget\" data-e-type=\"widget\" data-widget_type=\"button.default\">\n\t\t\t\t<div class=\"elementor-widget-container\">\n\t\t\t\t\t\t\t\t\t<div class=\"elementor-button-wrapper\">\n\t\t\t\t\t<a class=\"elementor-button matomo_download elementor-button-link elementor-size-xl\" href=\"https:\/\/www.mgalaxy.com\/downloads\/mGalaxyInstaller.pkg\">\n\t\t\t\t\t\t<span class=\"elementor-button-content-wrapper\">\n\t\t\t\t\t\t\t\t\t<span class=\"elementor-button-text\">T\u00e9l\u00e9charger<\/span>\n\t\t\t\t\t<\/span>\n\t\t\t\t\t<\/a>\n\t\t\t\t<\/div>\n\t\t\t\t\t\t\t\t<\/div>\n\t\t\t\t<\/div>\n\t\t\t\t<div class=\"elementor-element elementor-element-deb8c92 elementor-widget elementor-widget-text-editor\" data-id=\"deb8c92\" data-element_type=\"widget\" data-e-type=\"widget\" data-widget_type=\"text-editor.default\">\n\t\t\t\t<div class=\"elementor-widget-container\">\n\t\t\t\t\t\t\t\t\t<p style=\"text-align: center;\"><strong>ATTENTION<\/strong><\/p>\r\n<p style=\"text-align: center;\">Pour contourner ce message, il suffit de faire un Control-Click ou un Right-Click sur \u00ab\u00a0mGalaxyInstaller.pkg\u00a0\u00bb\r\npuis de choisir \u00ab\u00a0Ouvrir\u00a0\u00bb dans le menu contextuel.<\/p>\r\n<p style=\"text-align: center;\"><img decoding=\"async\" src=\"https:\/\/www.mgalaxy.com\/wp-content\/uploads\/gatekeeper1.png\" alt=\"\" width=\"286\" height=\"318\" \/><\/p>\t\t\t\t\t\t\t\t<\/div>\n\t\t\t\t<\/div>\n\t\t\t\t\t<\/div>\n\t\t<\/div>\n\t\t\t\t<div class=\"elementor-column elementor-col-50 elementor-inner-column elementor-element elementor-element-0054701\" data-id=\"0054701\" data-element_type=\"column\" data-e-type=\"column\">\n\t\t\t<div class=\"elementor-widget-wrap elementor-element-populated\">\n\t\t\t\t\t\t<div class=\"elementor-element elementor-element-859c040 elementor-widget elementor-widget-image\" data-id=\"859c040\" data-element_type=\"widget\" data-e-type=\"widget\" data-widget_type=\"image.default\">\n\t\t\t\t<div class=\"elementor-widget-container\">\n\t\t\t\t\t\t\t\t\t\t\t\t\t\t\t<img decoding=\"async\" width=\"256\" height=\"256\" src=\"https:\/\/www.mgalaxy.com\/wp-content\/uploads\/windows.png\" class=\"attachment-full size-full wp-image-3812\" alt=\"\" \/>\t\t\t\t\t\t\t\t\t\t\t\t\t\t\t<\/div>\n\t\t\t\t<\/div>\n\t\t\t\t<div class=\"elementor-element elementor-element-5741e89 elementor-widget elementor-widget-text-editor\" data-id=\"5741e89\" data-element_type=\"widget\" data-e-type=\"widget\" data-widget_type=\"text-editor.default\">\n\t\t\t\t<div class=\"elementor-widget-container\">\n\t\t\t\t\t\t\t\t\t<h3>Windows 7 (x64) \/ 8 \/ 10 \/ 11<\/h3>\n\t\t\t\t\t\t\t\t<\/div>\n\t\t\t\t<\/div>\n\t\t\t\t<div class=\"elementor-element elementor-element-3a87e9a elementor-align-center elementor-widget elementor-widget-button\" data-id=\"3a87e9a\" data-element_type=\"widget\" data-e-type=\"widget\" data-widget_type=\"button.default\">\n\t\t\t\t<div class=\"elementor-widget-container\">\n\t\t\t\t\t\t\t\t\t<div class=\"elementor-button-wrapper\">\n\t\t\t\t\t<a class=\"elementor-button elementor-button-link elementor-size-xl\" href=\"https:\/\/www.mgalaxy.com\/downloads\/mGalaxy_Setup.exe\">\n\t\t\t\t\t\t<span class=\"elementor-button-content-wrapper\">\n\t\t\t\t\t\t\t\t\t<span class=\"elementor-button-text\">T\u00e9l\u00e9charger<\/span>\n\t\t\t\t\t<\/span>\n\t\t\t\t\t<\/a>\n\t\t\t\t<\/div>\n\t\t\t\t\t\t\t\t<\/div>\n\t\t\t\t<\/div>\n\t\t\t\t<div class=\"elementor-element elementor-element-bba094d elementor-widget elementor-widget-text-editor\" data-id=\"bba094d\" data-element_type=\"widget\" data-e-type=\"widget\" data-widget_type=\"text-editor.default\">\n\t\t\t\t<div class=\"elementor-widget-container\">\n\t\t\t\t\t\t\t\t\t<p style=\"text-align: center;\"><strong>ATTENTION<\/strong><\/p>\n<p style=\"text-align: center;\">SmartScreen est un outil de filtrage de Microsoft con\u00e7u pour d\u00e9tecter et bloquer les applications suspectes.<br \/>\nLe filtrage est r\u00e9alis\u00e9 gr\u00e2ce \u00e0 un score de \u00ab\u00a0r\u00e9putation\u00a0\u00bb.<br \/>\nComme ce programme d&rsquo;installation de mGalaxy est un tout nouveau fichier (avec une faible \u00ab\u00a0r\u00e9putation\u00a0\u00bb), il est possible que cet \u00e9cran apparaisse.<br \/>\nDans ce cas, il suffit de cliquer sur \u00ab\u00a0Plus d&rsquo;infos\u00a0\u00bb, puis sur \u00ab\u00a0Ex\u00e9cuter quand m\u00eame\u00a0\u00bb pour lancer l&rsquo;installation de mGalaxy.<\/p>\n<p style=\"text-align: center;\"><img loading=\"lazy\" decoding=\"async\" src=\"https:\/\/www.mgalaxy.com\/wp-content\/uploads\/smartscreen1.png\" alt=\"\" width=\"352\" height=\"170\" \/><img loading=\"lazy\" decoding=\"async\" src=\"https:\/\/www.mgalaxy.com\/wp-content\/uploads\/smartscreen2.png\" alt=\"\" width=\"352\" height=\"170\" \/><\/p>\n\t\t\t\t\t\t\t\t<\/div>\n\t\t\t\t<\/div>\n\t\t\t\t\t<\/div>\n\t\t<\/div>\n\t\t\t\t\t<\/div>\n\t\t<\/section>\n\t\t\t\t<div class=\"elementor-element elementor-element-d4fb13e elementor-widget elementor-widget-spacer\" data-id=\"d4fb13e\" data-element_type=\"widget\" data-e-type=\"widget\" data-widget_type=\"spacer.default\">\n\t\t\t\t<div class=\"elementor-widget-container\">\n\t\t\t\t\t\t\t<div class=\"elementor-spacer\">\n\t\t\t<div class=\"elementor-spacer-inner\"><\/div>\n\t\t<\/div>\n\t\t\t\t\t\t<\/div>\n\t\t\t\t<\/div>\n\t\t\t\t<div class=\"elementor-element elementor-element-89d7310 elementor-widget elementor-widget-image\" data-id=\"89d7310\" data-element_type=\"widget\" data-e-type=\"widget\" data-widget_type=\"image.default\">\n\t\t\t\t<div class=\"elementor-widget-container\">\n\t\t\t\t\t\t\t\t\t\t\t\t\t\t\t<img loading=\"lazy\" decoding=\"async\" width=\"379\" height=\"53\" src=\"https:\/\/www.mgalaxy.com\/wp-content\/uploads\/mgPremiumLogo.png\" class=\"attachment-full size-full wp-image-1192\" alt=\"\" srcset=\"https:\/\/www.mgalaxy.com\/wp-content\/uploads\/mgPremiumLogo.png 379w, https:\/\/www.mgalaxy.com\/wp-content\/uploads\/mgPremiumLogo-300x42.png 300w\" sizes=\"(max-width: 379px) 100vw, 379px\" \/>\t\t\t\t\t\t\t\t\t\t\t\t\t\t\t<\/div>\n\t\t\t\t<\/div>\n\t\t\t\t<div class=\"elementor-element elementor-element-3f5f8fe elementor-widget elementor-widget-text-editor\" data-id=\"3f5f8fe\" data-element_type=\"widget\" data-e-type=\"widget\" data-widget_type=\"text-editor.default\">\n\t\t\t\t<div class=\"elementor-widget-container\">\n\t\t\t\t\t\t\t\t\t<h3>mGalaxy est libre d&rsquo;utilisation.<br \/>\nLa mise \u00e0 jour vers la version \u00ab\u00a0Premium\u00a0\u00bb vous apportera des fonctionnalit\u00e9s suppl\u00e9mentaires int\u00e9ressantes !<br \/>\n<a href=\"http:\/\/localhost\/mGalaxy_WP\/premium\/\" target=\"_self\">Regardez-les et voyez si elles vous plaisent !<\/a><\/h3>\n\t\t\t\t\t\t\t\t<\/div>\n\t\t\t\t<\/div>\n\t\t\t\t\t<\/div>\n\t\t<\/div>\n\t\t\t\t\t<\/div>\n\t\t<\/section>\n\t\t\t\t<\/div>\n\t\t","protected":false},"excerpt":{"rendered":"<p>mGalaxy v10.1 Installeur\/Mise \u00e0 jour Historique des versions macOS High Sierra 10.13+ T\u00e9l\u00e9charger ATTENTION Pour contourner ce message, il suffit de faire un Control-Click ou un Right-Click sur \u00ab\u00a0mGalaxyInstaller.pkg\u00a0\u00bb puis de choisir \u00ab\u00a0Ouvrir\u00a0\u00bb dans le menu contextuel. Windows 7 (x64) \/ 8 \/ 10 \/ 11 T\u00e9l\u00e9charger ATTENTION SmartScreen est un outil de filtrage de [&hellip;]<\/p>\n","protected":false},"author":3,"featured_media":0,"parent":0,"menu_order":0,"comment_status":"closed","ping_status":"closed","template":"","meta":{"footnotes":""},"class_list":["post-1385","page","type-page","status-publish","hentry"],"yoast_head":"<!-- This site is optimized with the Yoast SEO Premium plugin v25.3.1 (Yoast SEO v27.0) - https:\/\/yoast.com\/product\/yoast-seo-premium-wordpress\/ -->\n<title>T\u00e9l\u00e9charger - mGalaxy<\/title>\n<meta name=\"description\" content=\"mGalaxy - The BEST and easiest frontend for emulation (Mame arcade, game console emulators) layed out in a neat and nice interface.\" \/>\n<meta name=\"robots\" content=\"index, follow, max-snippet:-1, max-image-preview:large, max-video-preview:-1\" \/>\n<link rel=\"canonical\" href=\"https:\/\/www.mgalaxy.com\/fr\/telecharger\/\" \/>\n<meta property=\"og:locale\" content=\"fr_FR\" \/>\n<meta property=\"og:type\" content=\"article\" \/>\n<meta property=\"og:title\" content=\"T\u00e9l\u00e9charger\" \/>\n<meta property=\"og:description\" content=\"mGalaxy - The BEST and easiest frontend for emulation (Mame arcade, game console emulators) layed out in a neat and nice interface.\" \/>\n<meta property=\"og:url\" content=\"https:\/\/www.mgalaxy.com\/fr\/telecharger\/\" \/>\n<meta property=\"og:site_name\" content=\"mGalaxy\" \/>\n<meta property=\"article:publisher\" content=\"https:\/\/www.facebook.com\/mgalaxyFE\" \/>\n<meta property=\"article:modified_time\" content=\"2024-11-03T17:08:50+00:00\" \/>\n<meta property=\"og:image\" content=\"https:\/\/www.mgalaxy.com\/wp-content\/uploads\/macos.png\" \/>\n\t<meta property=\"og:image:width\" content=\"256\" \/>\n\t<meta property=\"og:image:height\" content=\"256\" \/>\n\t<meta property=\"og:image:type\" content=\"image\/png\" \/>\n<meta name=\"twitter:card\" content=\"summary_large_image\" \/>\n<meta name=\"twitter:site\" content=\"@mGalaxyFE\" \/>\n<meta name=\"twitter:label1\" content=\"Dur\u00e9e de lecture estim\u00e9e\" \/>\n\t<meta name=\"twitter:data1\" content=\"1 minute\" \/>\n<script type=\"application\/ld+json\" class=\"yoast-schema-graph\">{\"@context\":\"https:\/\/schema.org\",\"@graph\":[{\"@type\":\"WebPage\",\"@id\":\"https:\/\/www.mgalaxy.com\/fr\/telecharger\/\",\"url\":\"https:\/\/www.mgalaxy.com\/fr\/telecharger\/\",\"name\":\"T\u00e9l\u00e9charger - mGalaxy\",\"isPartOf\":{\"@id\":\"https:\/\/www.mgalaxy.com\/fr\/#website\"},\"primaryImageOfPage\":{\"@id\":\"https:\/\/www.mgalaxy.com\/fr\/telecharger\/#primaryimage\"},\"image\":{\"@id\":\"https:\/\/www.mgalaxy.com\/fr\/telecharger\/#primaryimage\"},\"thumbnailUrl\":\"https:\/\/www.mgalaxy.com\/wp-content\/uploads\/macos.png\",\"datePublished\":\"2020-10-12T22:14:28+00:00\",\"dateModified\":\"2024-11-03T17:08:50+00:00\",\"description\":\"mGalaxy - The BEST and easiest frontend for emulation (Mame arcade, game console emulators) layed out in a neat and nice interface.\",\"breadcrumb\":{\"@id\":\"https:\/\/www.mgalaxy.com\/fr\/telecharger\/#breadcrumb\"},\"inLanguage\":\"fr-FR\",\"potentialAction\":[{\"@type\":\"ReadAction\",\"target\":[\"https:\/\/www.mgalaxy.com\/fr\/telecharger\/\"]}]},{\"@type\":\"ImageObject\",\"inLanguage\":\"fr-FR\",\"@id\":\"https:\/\/www.mgalaxy.com\/fr\/telecharger\/#primaryimage\",\"url\":\"https:\/\/www.mgalaxy.com\/wp-content\/uploads\/macos.png\",\"contentUrl\":\"https:\/\/www.mgalaxy.com\/wp-content\/uploads\/macos.png\"},{\"@type\":\"BreadcrumbList\",\"@id\":\"https:\/\/www.mgalaxy.com\/fr\/telecharger\/#breadcrumb\",\"itemListElement\":[{\"@type\":\"ListItem\",\"position\":1,\"name\":\"Home\",\"item\":\"https:\/\/www.mgalaxy.com\/fr\/\"},{\"@type\":\"ListItem\",\"position\":2,\"name\":\"T\u00e9l\u00e9charger\"}]},{\"@type\":\"WebSite\",\"@id\":\"https:\/\/www.mgalaxy.com\/fr\/#website\",\"url\":\"https:\/\/www.mgalaxy.com\/fr\/\",\"name\":\"mGalaxy\",\"description\":\"mGalaxy - The best and easiest frontend for emulation (Mame arcade, game console emulators) layed out in a neat and nice interface.\",\"potentialAction\":[{\"@type\":\"SearchAction\",\"target\":{\"@type\":\"EntryPoint\",\"urlTemplate\":\"https:\/\/www.mgalaxy.com\/fr\/?s={search_term_string}\"},\"query-input\":{\"@type\":\"PropertyValueSpecification\",\"valueRequired\":true,\"valueName\":\"search_term_string\"}}],\"inLanguage\":\"fr-FR\"}]}<\/script>\n<!-- \/ Yoast SEO Premium plugin. -->","yoast_head_json":{"title":"T\u00e9l\u00e9charger - mGalaxy","description":"mGalaxy - The BEST and easiest frontend for emulation (Mame arcade, game console emulators) layed out in a neat and nice interface.","robots":{"index":"index","follow":"follow","max-snippet":"max-snippet:-1","max-image-preview":"max-image-preview:large","max-video-preview":"max-video-preview:-1"},"canonical":"https:\/\/www.mgalaxy.com\/fr\/telecharger\/","og_locale":"fr_FR","og_type":"article","og_title":"T\u00e9l\u00e9charger","og_description":"mGalaxy - The BEST and easiest frontend for emulation (Mame arcade, game console emulators) layed out in a neat and nice interface.","og_url":"https:\/\/www.mgalaxy.com\/fr\/telecharger\/","og_site_name":"mGalaxy","article_publisher":"https:\/\/www.facebook.com\/mgalaxyFE","article_modified_time":"2024-11-03T17:08:50+00:00","og_image":[{"width":256,"height":256,"url":"https:\/\/www.mgalaxy.com\/wp-content\/uploads\/macos.png","type":"image\/png"}],"twitter_card":"summary_large_image","twitter_site":"@mGalaxyFE","twitter_misc":{"Dur\u00e9e de lecture estim\u00e9e":"1 minute"},"schema":{"@context":"https:\/\/schema.org","@graph":[{"@type":"WebPage","@id":"https:\/\/www.mgalaxy.com\/fr\/telecharger\/","url":"https:\/\/www.mgalaxy.com\/fr\/telecharger\/","name":"T\u00e9l\u00e9charger - mGalaxy","isPartOf":{"@id":"https:\/\/www.mgalaxy.com\/fr\/#website"},"primaryImageOfPage":{"@id":"https:\/\/www.mgalaxy.com\/fr\/telecharger\/#primaryimage"},"image":{"@id":"https:\/\/www.mgalaxy.com\/fr\/telecharger\/#primaryimage"},"thumbnailUrl":"https:\/\/www.mgalaxy.com\/wp-content\/uploads\/macos.png","datePublished":"2020-10-12T22:14:28+00:00","dateModified":"2024-11-03T17:08:50+00:00","description":"mGalaxy - The BEST and easiest frontend for emulation (Mame arcade, game console emulators) layed out in a neat and nice interface.","breadcrumb":{"@id":"https:\/\/www.mgalaxy.com\/fr\/telecharger\/#breadcrumb"},"inLanguage":"fr-FR","potentialAction":[{"@type":"ReadAction","target":["https:\/\/www.mgalaxy.com\/fr\/telecharger\/"]}]},{"@type":"ImageObject","inLanguage":"fr-FR","@id":"https:\/\/www.mgalaxy.com\/fr\/telecharger\/#primaryimage","url":"https:\/\/www.mgalaxy.com\/wp-content\/uploads\/macos.png","contentUrl":"https:\/\/www.mgalaxy.com\/wp-content\/uploads\/macos.png"},{"@type":"BreadcrumbList","@id":"https:\/\/www.mgalaxy.com\/fr\/telecharger\/#breadcrumb","itemListElement":[{"@type":"ListItem","position":1,"name":"Home","item":"https:\/\/www.mgalaxy.com\/fr\/"},{"@type":"ListItem","position":2,"name":"T\u00e9l\u00e9charger"}]},{"@type":"WebSite","@id":"https:\/\/www.mgalaxy.com\/fr\/#website","url":"https:\/\/www.mgalaxy.com\/fr\/","name":"mGalaxy","description":"mGalaxy - The best and easiest frontend for emulation (Mame arcade, game console emulators) layed out in a neat and nice interface.","potentialAction":[{"@type":"SearchAction","target":{"@type":"EntryPoint","urlTemplate":"https:\/\/www.mgalaxy.com\/fr\/?s={search_term_string}"},"query-input":{"@type":"PropertyValueSpecification","valueRequired":true,"valueName":"search_term_string"}}],"inLanguage":"fr-FR"}]}},"_links":{"self":[{"href":"https:\/\/www.mgalaxy.com\/fr\/wp-json\/wp\/v2\/pages\/1385","targetHints":{"allow":["GET"]}}],"collection":[{"href":"https:\/\/www.mgalaxy.com\/fr\/wp-json\/wp\/v2\/pages"}],"about":[{"href":"https:\/\/www.mgalaxy.com\/fr\/wp-json\/wp\/v2\/types\/page"}],"author":[{"embeddable":true,"href":"https:\/\/www.mgalaxy.com\/fr\/wp-json\/wp\/v2\/users\/3"}],"replies":[{"embeddable":true,"href":"https:\/\/www.mgalaxy.com\/fr\/wp-json\/wp\/v2\/comments?post=1385"}],"version-history":[{"count":12,"href":"https:\/\/www.mgalaxy.com\/fr\/wp-json\/wp\/v2\/pages\/1385\/revisions"}],"predecessor-version":[{"id":4305,"href":"https:\/\/www.mgalaxy.com\/fr\/wp-json\/wp\/v2\/pages\/1385\/revisions\/4305"}],"wp:attachment":[{"href":"https:\/\/www.mgalaxy.com\/fr\/wp-json\/wp\/v2\/media?parent=1385"}],"curies":[{"name":"wp","href":"https:\/\/api.w.org\/{rel}","templated":true}]}}