{"id":1958,"date":"2020-10-19T10:13:41","date_gmt":"2020-10-19T10:13:41","guid":{"rendered":"https:\/\/www.mgalaxy.com\/inicio-2\/"},"modified":"2024-11-03T17:17:03","modified_gmt":"2024-11-03T17:17:03","slug":"inicio","status":"publish","type":"page","link":"https:\/\/www.mgalaxy.com\/es\/","title":{"rendered":"Inicio"},"content":{"rendered":"\t\t<div data-elementor-type=\"wp-page\" data-elementor-id=\"1958\" class=\"elementor elementor-1958 elementor-1785\" data-elementor-post-type=\"page\">\n\t\t\t\t\t\t<section class=\"elementor-section elementor-top-section elementor-element elementor-element-c458538 elementor-section-boxed elementor-section-height-default elementor-section-height-default\" data-id=\"c458538\" data-element_type=\"section\" data-e-type=\"section\">\n\t\t\t\t\t\t<div class=\"elementor-container elementor-column-gap-default\">\n\t\t\t\t\t<div class=\"elementor-column elementor-col-100 elementor-top-column elementor-element elementor-element-ed7983c\" data-id=\"ed7983c\" data-element_type=\"column\" data-e-type=\"column\">\n\t\t\t<div class=\"elementor-widget-wrap elementor-element-populated\">\n\t\t\t\t\t\t<div class=\"elementor-element elementor-element-32111c2 elementor-widget elementor-widget-text-editor\" data-id=\"32111c2\" data-element_type=\"widget\" data-e-type=\"widget\" data-widget_type=\"text-editor.default\">\n\t\t\t\t<div class=\"elementor-widget-container\">\n\t\t\t\t\t\t\t\t\t<p>Una frontend con un alma<\/p>\n\t\t\t\t\t\t\t\t<\/div>\n\t\t\t\t<\/div>\n\t\t\t\t<div class=\"elementor-element elementor-element-b8652ef elementor-arrows-position-inside elementor-pagination-position-outside elementor-widget elementor-widget-image-carousel\" data-id=\"b8652ef\" data-element_type=\"widget\" data-e-type=\"widget\" data-settings=\"{&quot;slides_to_show&quot;:&quot;1&quot;,&quot;effect&quot;:&quot;fade&quot;,&quot;navigation&quot;:&quot;both&quot;,&quot;autoplay&quot;:&quot;yes&quot;,&quot;pause_on_hover&quot;:&quot;yes&quot;,&quot;pause_on_interaction&quot;:&quot;yes&quot;,&quot;autoplay_speed&quot;:5000,&quot;infinite&quot;:&quot;yes&quot;,&quot;speed&quot;:500}\" data-widget_type=\"image-carousel.default\">\n\t\t\t\t<div class=\"elementor-widget-container\">\n\t\t\t\t\t\t\t<div class=\"elementor-image-carousel-wrapper swiper\" role=\"region\" aria-roledescription=\"carousel\" aria-label=\"Carrusel de im\u00e1genes\" dir=\"ltr\">\n\t\t\t<div class=\"elementor-image-carousel swiper-wrapper\" aria-live=\"off\">\n\t\t\t\t\t\t\t\t<div class=\"swiper-slide\" role=\"group\" aria-roledescription=\"slide\" aria-label=\"1 de 18\"><figure class=\"swiper-slide-inner\"><img decoding=\"async\" class=\"swiper-slide-image\" src=\"https:\/\/www.mgalaxy.com\/wp-content\/uploads\/elementor\/thumbs\/MVR2_3-pncxqq77tvqfcod751rztalsr0jxipuuxj8395qoao.jpg\" alt=\"MVR2_3\" \/><\/figure><\/div><div class=\"swiper-slide\" role=\"group\" aria-roledescription=\"slide\" aria-label=\"2 de 18\"><figure class=\"swiper-slide-inner\"><img decoding=\"async\" class=\"swiper-slide-image\" src=\"https:\/\/www.mgalaxy.com\/wp-content\/uploads\/elementor\/thumbs\/Tile-qnjc1vfywpda2128x76cst09e12sfy82m8kaeozog0.jpg\" alt=\"Tile\" \/><\/figure><\/div><div class=\"swiper-slide\" role=\"group\" aria-roledescription=\"slide\" aria-label=\"3 de 18\"><figure class=\"swiper-slide-inner\"><img decoding=\"async\" class=\"swiper-slide-image\" src=\"https:\/\/www.mgalaxy.com\/wp-content\/uploads\/elementor\/thumbs\/MVR2_1-pya0mkjszvisuk6vz9l23fyql9ubetymb1tzdc2hs0.jpg\" alt=\"MVR2_1\" \/><\/figure><\/div><div class=\"swiper-slide\" role=\"group\" aria-roledescription=\"slide\" aria-label=\"4 de 18\"><figure class=\"swiper-slide-inner\"><img decoding=\"async\" class=\"swiper-slide-image\" src=\"https:\/\/www.mgalaxy.com\/wp-content\/uploads\/elementor\/thumbs\/PRES_03-py1g8blu41dpxytrb9aqg224bvetbssz80tziphev4.jpg\" alt=\"PRES_03\" \/><\/figure><\/div><div class=\"swiper-slide\" role=\"group\" aria-roledescription=\"slide\" aria-label=\"5 de 18\"><figure class=\"swiper-slide-inner\"><img decoding=\"async\" class=\"swiper-slide-image\" src=\"https:\/\/www.mgalaxy.com\/wp-content\/uploads\/elementor\/thumbs\/MVR2_2-1-pncxqq77tvqfcod751rztalsr0jxipuuxj8395qoao.jpg\" alt=\"MVR2_2\" \/><\/figure><\/div><div class=\"swiper-slide\" role=\"group\" aria-roledescription=\"slide\" aria-label=\"6 de 18\"><figure class=\"swiper-slide-inner\"><img decoding=\"async\" class=\"swiper-slide-image\" src=\"https:\/\/www.mgalaxy.com\/wp-content\/uploads\/elementor\/thumbs\/dbEdit-pncxqq77tvqfcod751rztalsr0jxipuuxj8395qoao.jpg\" alt=\"dbEdit\" \/><\/figure><\/div><div class=\"swiper-slide\" role=\"group\" aria-roledescription=\"slide\" aria-label=\"7 de 18\"><figure class=\"swiper-slide-inner\"><img decoding=\"async\" class=\"swiper-slide-image\" src=\"https:\/\/www.mgalaxy.com\/wp-content\/uploads\/elementor\/thumbs\/MVR1_01-pncxqq77tvqfcod751rztalsr0jxipuuxj8395qoao.jpg\" alt=\"MVR1_01\" \/><\/figure><\/div><div class=\"swiper-slide\" role=\"group\" aria-roledescription=\"slide\" aria-label=\"8 de 18\"><figure class=\"swiper-slide-inner\"><img decoding=\"async\" class=\"swiper-slide-image\" src=\"https:\/\/www.mgalaxy.com\/wp-content\/uploads\/elementor\/thumbs\/MVR1_02-pncxqq77tvqfcod751rztalsr0jxipuuxj8395qoao.jpg\" alt=\"MVR1_02\" \/><\/figure><\/div><div class=\"swiper-slide\" role=\"group\" aria-roledescription=\"slide\" aria-label=\"9 de 18\"><figure class=\"swiper-slide-inner\"><img decoding=\"async\" class=\"swiper-slide-image\" src=\"https:\/\/www.mgalaxy.com\/wp-content\/uploads\/elementor\/thumbs\/MAR1_01-pncxqq77tvqfcod751rztalsr0jxipuuxj8395qoao.jpg\" alt=\"MAR1_01\" \/><\/figure><\/div><div class=\"swiper-slide\" role=\"group\" aria-roledescription=\"slide\" aria-label=\"10 de 18\"><figure class=\"swiper-slide-inner\"><img decoding=\"async\" class=\"swiper-slide-image\" src=\"https:\/\/www.mgalaxy.com\/wp-content\/uploads\/elementor\/thumbs\/MAR1_02-pncxqq77tvqfcod751rztalsr0jxipuuxj8395qoao.jpg\" alt=\"MAR1_02\" \/><\/figure><\/div><div class=\"swiper-slide\" role=\"group\" aria-roledescription=\"slide\" aria-label=\"11 de 18\"><figure class=\"swiper-slide-inner\"><img decoding=\"async\" class=\"swiper-slide-image\" src=\"https:\/\/www.mgalaxy.com\/wp-content\/uploads\/elementor\/thumbs\/Tile2-qnjc1z7bo1ifcgwsb8sv2s23rkk9aqmzyr68bsu3r4.jpg\" alt=\"Tile2\" \/><\/figure><\/div><div class=\"swiper-slide\" role=\"group\" aria-roledescription=\"slide\" aria-label=\"12 de 18\"><figure class=\"swiper-slide-inner\"><img decoding=\"async\" class=\"swiper-slide-image\" src=\"https:\/\/www.mgalaxy.com\/wp-content\/uploads\/elementor\/thumbs\/MSNES_01-pncxqq77tvqfcod751rztalsr0jxipuuxj8395qoao.jpg\" alt=\"MSNES_01\" \/><\/figure><\/div><div class=\"swiper-slide\" role=\"group\" aria-roledescription=\"slide\" aria-label=\"13 de 18\"><figure class=\"swiper-slide-inner\"><img decoding=\"async\" class=\"swiper-slide-image\" src=\"https:\/\/www.mgalaxy.com\/wp-content\/uploads\/elementor\/thumbs\/MSNES_02-pncxqq77tvqfcod751rztalsr0jxipuuxj8395qoao.jpg\" alt=\"MSNES_02\" \/><\/figure><\/div><div class=\"swiper-slide\" role=\"group\" aria-roledescription=\"slide\" aria-label=\"14 de 18\"><figure class=\"swiper-slide-inner\"><img decoding=\"async\" class=\"swiper-slide-image\" src=\"https:\/\/www.mgalaxy.com\/wp-content\/uploads\/elementor\/thumbs\/PRES_01-pncxqq77tvqfcod751rztalsr0jxipuuxj8395qoao.jpg\" alt=\"PRES_01\" \/><\/figure><\/div><div class=\"swiper-slide\" role=\"group\" aria-roledescription=\"slide\" aria-label=\"15 de 18\"><figure class=\"swiper-slide-inner\"><img decoding=\"async\" class=\"swiper-slide-image\" src=\"https:\/\/www.mgalaxy.com\/wp-content\/uploads\/elementor\/thumbs\/STRIPE01_01-pncxqq77tvqfcod751rztalsr0jxipuuxj8395qoao.jpg\" alt=\"STRIPE01_01\" \/><\/figure><\/div><div class=\"swiper-slide\" role=\"group\" aria-roledescription=\"slide\" aria-label=\"16 de 18\"><figure class=\"swiper-slide-inner\"><img decoding=\"async\" class=\"swiper-slide-image\" src=\"https:\/\/www.mgalaxy.com\/wp-content\/uploads\/elementor\/thumbs\/PRES_02-pncxqq77tvqfcod751rztalsr0jxipuuxj8395qoao.jpg\" alt=\"PRES_02\" \/><\/figure><\/div><div class=\"swiper-slide\" role=\"group\" aria-roledescription=\"slide\" aria-label=\"17 de 18\"><figure class=\"swiper-slide-inner\"><img decoding=\"async\" class=\"swiper-slide-image\" src=\"https:\/\/www.mgalaxy.com\/wp-content\/uploads\/elementor\/thumbs\/BASE_01-pncxqq77tvqfcod751rztalsr0jxipuuxj8395qoao.jpg\" alt=\"BASE_01\" \/><\/figure><\/div><div class=\"swiper-slide\" role=\"group\" aria-roledescription=\"slide\" aria-label=\"18 de 18\"><figure class=\"swiper-slide-inner\"><img decoding=\"async\" class=\"swiper-slide-image\" src=\"https:\/\/www.mgalaxy.com\/wp-content\/uploads\/elementor\/thumbs\/BASE_02-pncxqq77tvqfcod751rztalsr0jxipuuxj8395qoao.jpg\" alt=\"BASE_02\" \/><\/figure><\/div>\t\t\t<\/div>\n\t\t\t\t\t\t\t\t\t\t\t\t<div class=\"elementor-swiper-button elementor-swiper-button-prev\" role=\"button\" tabindex=\"0\">\n\t\t\t\t\t\t<i aria-hidden=\"true\" class=\"eicon-chevron-left\"><\/i>\t\t\t\t\t<\/div>\n\t\t\t\t\t<div class=\"elementor-swiper-button elementor-swiper-button-next\" role=\"button\" tabindex=\"0\">\n\t\t\t\t\t\t<i aria-hidden=\"true\" class=\"eicon-chevron-right\"><\/i>\t\t\t\t\t<\/div>\n\t\t\t\t\n\t\t\t\t\t\t\t\t\t<div class=\"swiper-pagination\"><\/div>\n\t\t\t\t\t\t\t\t\t<\/div>\n\t\t\t\t\t\t<\/div>\n\t\t\t\t<\/div>\n\t\t\t\t<div class=\"elementor-element elementor-element-a675e1b elementor-widget elementor-widget-text-editor\" data-id=\"a675e1b\" data-element_type=\"widget\" data-e-type=\"widget\" data-widget_type=\"text-editor.default\">\n\t\t\t\t<div class=\"elementor-widget-container\">\n\t\t\t\t\t\t\t\t\t<p>mGalaxy es el mejor lanzador (tambi\u00e9n llamado \u00abfrontend\u00bb) para juegos de arcade, de consola y de ordenador.<\/p>\n<p>Revive la diversi\u00f3n de jugar a todos esos juegos retro de tu infancia (pero tambi\u00e9n a los actuales) con una interfaz elegante!<\/p>\n<p>\u00a1Se reconocen m\u00e1s de 60 plataformas de juego!<\/p>\n<p>mGalaxy no s\u00f3lo es el lanzador m\u00e1s elegante, sino tambi\u00e9n el m\u00e1s accesible y f\u00e1cil de jugar!<\/p>\n\t\t\t\t\t\t\t\t<\/div>\n\t\t\t\t<\/div>\n\t\t\t\t<div class=\"elementor-element elementor-element-3ba827d elementor-align-center elementor-widget elementor-widget-button\" data-id=\"3ba827d\" data-element_type=\"widget\" data-e-type=\"widget\" data-widget_type=\"button.default\">\n\t\t\t\t<div class=\"elementor-widget-container\">\n\t\t\t\t\t\t\t\t\t<div class=\"elementor-button-wrapper\">\n\t\t\t\t\t<a class=\"elementor-button elementor-button-link elementor-size-lg\" href=\"https:\/\/www.mgalaxy.com\/es\/descarregar\/\">\n\t\t\t\t\t\t<span class=\"elementor-button-content-wrapper\">\n\t\t\t\t\t\t\t\t\t<span class=\"elementor-button-text\">Descargar<\/span>\n\t\t\t\t\t<\/span>\n\t\t\t\t\t<\/a>\n\t\t\t\t<\/div>\n\t\t\t\t\t\t\t\t<\/div>\n\t\t\t\t<\/div>\n\t\t\t\t<div class=\"elementor-element elementor-element-6cc1cfc elementor-widget elementor-widget-menu-anchor\" data-id=\"6cc1cfc\" data-element_type=\"widget\" data-e-type=\"widget\" data-widget_type=\"menu-anchor.default\">\n\t\t\t\t<div class=\"elementor-widget-container\">\n\t\t\t\t\t\t\t<div class=\"elementor-menu-anchor\" id=\"FeatureAnchor\"><\/div>\n\t\t\t\t\t\t<\/div>\n\t\t\t\t<\/div>\n\t\t\t\t<div class=\"elementor-element elementor-element-855ba64 elementor-widget elementor-widget-text-editor\" data-id=\"855ba64\" data-element_type=\"widget\" data-e-type=\"widget\" data-widget_type=\"text-editor.default\">\n\t\t\t\t<div class=\"elementor-widget-container\">\n\t\t\t\t\t\t\t\t\t<p>Caracter\u00edsticas<\/p>\n\t\t\t\t\t\t\t\t<\/div>\n\t\t\t\t<\/div>\n\t\t\t\t<section class=\"elementor-section elementor-inner-section elementor-element elementor-element-88837e5 elementor-section-boxed elementor-section-height-default elementor-section-height-default\" data-id=\"88837e5\" data-element_type=\"section\" data-e-type=\"section\">\n\t\t\t\t\t\t<div class=\"elementor-container elementor-column-gap-default\">\n\t\t\t\t\t<div class=\"elementor-column elementor-col-50 elementor-inner-column elementor-element elementor-element-5c3fd43\" data-id=\"5c3fd43\" data-element_type=\"column\" data-e-type=\"column\">\n\t\t\t<div class=\"elementor-widget-wrap elementor-element-populated\">\n\t\t\t\t\t\t<div class=\"elementor-element elementor-element-6e2cd8f elementor-widget elementor-widget-text-editor\" data-id=\"6e2cd8f\" data-element_type=\"widget\" data-e-type=\"widget\" data-widget_type=\"text-editor.default\">\n\t\t\t\t<div class=\"elementor-widget-container\">\n\t\t\t\t\t\t\t\t\t<ul>\r\n \t<li>Funciona con un gran n\u00famero de emuladores que cubren todos los sistemas de arcadas y consolas.<\/li>\r\n \t<li>Reproductor de m\u00fasica y radio. Miles de radios de Internet disponibles directamente desde la interfaz de mGalaxy.<\/li>\r\n \t<li>Compatible con el teclado, los mandos, los paneles de la sala de juegos.<\/li>\r\n \t<li>Soporta la visualizaci\u00f3n vertical y horizontal.<\/li>\r\n \t<li>Port\u00e1til.<\/li>\r\n \t<li>Gestor de la base de datos (llenado autom\u00e1tico y\/o manual de la base de datos).<\/li>\r\n \t<li>Salvapantallas\/Modo de atracci\u00f3n.<\/li>\r\n \t<li>Bloqueo de ni\u00f1os para proteger sus configuraciones.<\/li>\r\n<\/ul>\t\t\t\t\t\t\t\t<\/div>\n\t\t\t\t<\/div>\n\t\t\t\t\t<\/div>\n\t\t<\/div>\n\t\t\t\t<div class=\"elementor-column elementor-col-50 elementor-inner-column elementor-element elementor-element-4c27ef3\" data-id=\"4c27ef3\" data-element_type=\"column\" data-e-type=\"column\">\n\t\t\t<div class=\"elementor-widget-wrap elementor-element-populated\">\n\t\t\t\t\t\t<div class=\"elementor-element elementor-element-d26c0de elementor-widget elementor-widget-text-editor\" data-id=\"d26c0de\" data-element_type=\"widget\" data-e-type=\"widget\" data-widget_type=\"text-editor.default\">\n\t\t\t\t<div class=\"elementor-widget-container\">\n\t\t\t\t\t\t\t\t\t<ul>\r\n \t<li>Vista previa de las im\u00e1genes y el video del juego.<\/li>\r\n \t<li>Navegaci\u00f3n de lista: est\u00e1ndar\/r\u00e1pida\/alfab\u00e9tica.<\/li>\r\n \t<li>Guardar favoritos\/\u00faltimos juegos jugados\/ya no jugados (aunque el nombre de la rom cambie mientras tanto).<\/li>\r\n \t<li>Filtrado de juegos en favoritos y\/o g\u00e9nero y\/o n\u00famero de jugadores y\/o palabra clave (filtros anidados).<\/li>\r\n \t<li>B\u00fasqueda r\u00e1pida a trav\u00e9s del teclado o del teclado virtual.<\/li>\r\n \t<li>Selecci\u00f3n de juegos al azar.<\/li>\r\n \t<li>Muy f\u00e1cil de configurar y usar.<\/li>\r\n \t<li>Una interfaz bonita y ordenada.<\/li>\r\n<\/ul>\t\t\t\t\t\t\t\t<\/div>\n\t\t\t\t<\/div>\n\t\t\t\t\t<\/div>\n\t\t<\/div>\n\t\t\t\t\t<\/div>\n\t\t<\/section>\n\t\t\t\t<div class=\"elementor-element elementor-element-e214f1a elementor-align-center elementor-widget elementor-widget-button\" data-id=\"e214f1a\" data-element_type=\"widget\" data-e-type=\"widget\" data-widget_type=\"button.default\">\n\t\t\t\t<div class=\"elementor-widget-container\">\n\t\t\t\t\t\t\t\t\t<div class=\"elementor-button-wrapper\">\n\t\t\t\t\t<a class=\"elementor-button elementor-button-link elementor-size-lg\" href=\"https:\/\/www.mgalaxy.com\/es\/premium\/\">\n\t\t\t\t\t\t<span class=\"elementor-button-content-wrapper\">\n\t\t\t\t\t\t\t\t\t<span class=\"elementor-button-text\">FUNCIONES PREMIUM<\/span>\n\t\t\t\t\t<\/span>\n\t\t\t\t\t<\/a>\n\t\t\t\t<\/div>\n\t\t\t\t\t\t\t\t<\/div>\n\t\t\t\t<\/div>\n\t\t\t\t\t<\/div>\n\t\t<\/div>\n\t\t\t\t\t<\/div>\n\t\t<\/section>\n\t\t\t\t<\/div>\n\t\t","protected":false},"excerpt":{"rendered":"<p>Una frontend con un alma mGalaxy es el mejor lanzador (tambi\u00e9n llamado \u00abfrontend\u00bb) para juegos de arcade, de consola y de ordenador. Revive la diversi\u00f3n de jugar a todos esos juegos retro de tu infancia (pero tambi\u00e9n a los actuales) con una interfaz elegante! \u00a1Se reconocen m\u00e1s de 60 plataformas de juego! mGalaxy no s\u00f3lo [&hellip;]<\/p>\n","protected":false},"author":3,"featured_media":0,"parent":0,"menu_order":0,"comment_status":"closed","ping_status":"closed","template":"","meta":{"footnotes":""},"class_list":["post-1958","page","type-page","status-publish","hentry"],"yoast_head":"<!-- This site is optimized with the Yoast SEO Premium plugin v25.3.1 (Yoast SEO v27.0) - https:\/\/yoast.com\/product\/yoast-seo-premium-wordpress\/ -->\n<title>Inicio - mGalaxy<\/title>\n<meta name=\"description\" content=\"mGalaxy - The BEST and easiest frontend for emulation (Mame arcade, game console emulators) layed out in a neat and nice interface.\" \/>\n<meta name=\"robots\" content=\"index, follow, max-snippet:-1, max-image-preview:large, max-video-preview:-1\" \/>\n<link rel=\"canonical\" href=\"https:\/\/www.mgalaxy.com\/es\/\" \/>\n<meta property=\"og:locale\" content=\"es_ES\" \/>\n<meta property=\"og:type\" content=\"article\" \/>\n<meta property=\"og:title\" content=\"Inicio\" \/>\n<meta property=\"og:description\" content=\"mGalaxy - The BEST and easiest frontend for emulation (Mame arcade, game console emulators) layed out in a neat and nice interface.\" \/>\n<meta property=\"og:url\" content=\"https:\/\/www.mgalaxy.com\/es\/\" \/>\n<meta property=\"og:site_name\" content=\"mGalaxy\" \/>\n<meta property=\"article:publisher\" content=\"https:\/\/www.facebook.com\/mgalaxyFE\" \/>\n<meta property=\"article:modified_time\" content=\"2024-11-03T17:17:03+00:00\" \/>\n<meta property=\"og:image\" content=\"https:\/\/www.mgalaxy.com\/wp-content\/uploads\/MVR2_3-150x150.jpg\" \/>\n<meta name=\"twitter:card\" content=\"summary_large_image\" \/>\n<meta name=\"twitter:site\" content=\"@mGalaxyFE\" \/>\n<meta name=\"twitter:label1\" content=\"Tiempo de lectura\" \/>\n\t<meta name=\"twitter:data1\" content=\"1 minuto\" \/>\n<script type=\"application\/ld+json\" class=\"yoast-schema-graph\">{\"@context\":\"https:\/\/schema.org\",\"@graph\":[{\"@type\":\"WebPage\",\"@id\":\"https:\/\/www.mgalaxy.com\/es\/\",\"url\":\"https:\/\/www.mgalaxy.com\/es\/\",\"name\":\"Inicio - mGalaxy\",\"isPartOf\":{\"@id\":\"https:\/\/www.mgalaxy.com\/es\/#website\"},\"primaryImageOfPage\":{\"@id\":\"https:\/\/www.mgalaxy.com\/es\/#primaryimage\"},\"image\":{\"@id\":\"https:\/\/www.mgalaxy.com\/es\/#primaryimage\"},\"thumbnailUrl\":\"https:\/\/www.mgalaxy.com\/wp-content\/uploads\/MVR2_3-150x150.jpg\",\"datePublished\":\"2020-10-19T10:13:41+00:00\",\"dateModified\":\"2024-11-03T17:17:03+00:00\",\"description\":\"mGalaxy - The BEST and easiest frontend for emulation (Mame arcade, game console emulators) layed out in a neat and nice interface.\",\"breadcrumb\":{\"@id\":\"https:\/\/www.mgalaxy.com\/es\/#breadcrumb\"},\"inLanguage\":\"es\",\"potentialAction\":[{\"@type\":\"ReadAction\",\"target\":[\"https:\/\/www.mgalaxy.com\/es\/\"]}]},{\"@type\":\"ImageObject\",\"inLanguage\":\"es\",\"@id\":\"https:\/\/www.mgalaxy.com\/es\/#primaryimage\",\"url\":\"https:\/\/www.mgalaxy.com\/wp-content\/uploads\/MVR2_3-150x150.jpg\",\"contentUrl\":\"https:\/\/www.mgalaxy.com\/wp-content\/uploads\/MVR2_3-150x150.jpg\"},{\"@type\":\"BreadcrumbList\",\"@id\":\"https:\/\/www.mgalaxy.com\/es\/#breadcrumb\",\"itemListElement\":[{\"@type\":\"ListItem\",\"position\":1,\"name\":\"Home\",\"item\":\"https:\/\/www.mgalaxy.com\/es\/\"},{\"@type\":\"ListItem\",\"position\":2,\"name\":\"Inicio\"}]},{\"@type\":\"WebSite\",\"@id\":\"https:\/\/www.mgalaxy.com\/es\/#website\",\"url\":\"https:\/\/www.mgalaxy.com\/es\/\",\"name\":\"mGalaxy\",\"description\":\"mGalaxy - The best and easiest frontend for emulation (Mame arcade, game console emulators) layed out in a neat and nice interface.\",\"potentialAction\":[{\"@type\":\"SearchAction\",\"target\":{\"@type\":\"EntryPoint\",\"urlTemplate\":\"https:\/\/www.mgalaxy.com\/es\/?s={search_term_string}\"},\"query-input\":{\"@type\":\"PropertyValueSpecification\",\"valueRequired\":true,\"valueName\":\"search_term_string\"}}],\"inLanguage\":\"es\"}]}<\/script>\n<!-- \/ Yoast SEO Premium plugin. -->","yoast_head_json":{"title":"Inicio - mGalaxy","description":"mGalaxy - The BEST and easiest frontend for emulation (Mame arcade, game console emulators) layed out in a neat and nice interface.","robots":{"index":"index","follow":"follow","max-snippet":"max-snippet:-1","max-image-preview":"max-image-preview:large","max-video-preview":"max-video-preview:-1"},"canonical":"https:\/\/www.mgalaxy.com\/es\/","og_locale":"es_ES","og_type":"article","og_title":"Inicio","og_description":"mGalaxy - The BEST and easiest frontend for emulation (Mame arcade, game console emulators) layed out in a neat and nice interface.","og_url":"https:\/\/www.mgalaxy.com\/es\/","og_site_name":"mGalaxy","article_publisher":"https:\/\/www.facebook.com\/mgalaxyFE","article_modified_time":"2024-11-03T17:17:03+00:00","og_image":[{"url":"https:\/\/www.mgalaxy.com\/wp-content\/uploads\/MVR2_3-150x150.jpg","type":"","width":"","height":""}],"twitter_card":"summary_large_image","twitter_site":"@mGalaxyFE","twitter_misc":{"Tiempo de lectura":"1 minuto"},"schema":{"@context":"https:\/\/schema.org","@graph":[{"@type":"WebPage","@id":"https:\/\/www.mgalaxy.com\/es\/","url":"https:\/\/www.mgalaxy.com\/es\/","name":"Inicio - mGalaxy","isPartOf":{"@id":"https:\/\/www.mgalaxy.com\/es\/#website"},"primaryImageOfPage":{"@id":"https:\/\/www.mgalaxy.com\/es\/#primaryimage"},"image":{"@id":"https:\/\/www.mgalaxy.com\/es\/#primaryimage"},"thumbnailUrl":"https:\/\/www.mgalaxy.com\/wp-content\/uploads\/MVR2_3-150x150.jpg","datePublished":"2020-10-19T10:13:41+00:00","dateModified":"2024-11-03T17:17:03+00:00","description":"mGalaxy - The BEST and easiest frontend for emulation (Mame arcade, game console emulators) layed out in a neat and nice interface.","breadcrumb":{"@id":"https:\/\/www.mgalaxy.com\/es\/#breadcrumb"},"inLanguage":"es","potentialAction":[{"@type":"ReadAction","target":["https:\/\/www.mgalaxy.com\/es\/"]}]},{"@type":"ImageObject","inLanguage":"es","@id":"https:\/\/www.mgalaxy.com\/es\/#primaryimage","url":"https:\/\/www.mgalaxy.com\/wp-content\/uploads\/MVR2_3-150x150.jpg","contentUrl":"https:\/\/www.mgalaxy.com\/wp-content\/uploads\/MVR2_3-150x150.jpg"},{"@type":"BreadcrumbList","@id":"https:\/\/www.mgalaxy.com\/es\/#breadcrumb","itemListElement":[{"@type":"ListItem","position":1,"name":"Home","item":"https:\/\/www.mgalaxy.com\/es\/"},{"@type":"ListItem","position":2,"name":"Inicio"}]},{"@type":"WebSite","@id":"https:\/\/www.mgalaxy.com\/es\/#website","url":"https:\/\/www.mgalaxy.com\/es\/","name":"mGalaxy","description":"mGalaxy - The best and easiest frontend for emulation (Mame arcade, game console emulators) layed out in a neat and nice interface.","potentialAction":[{"@type":"SearchAction","target":{"@type":"EntryPoint","urlTemplate":"https:\/\/www.mgalaxy.com\/es\/?s={search_term_string}"},"query-input":{"@type":"PropertyValueSpecification","valueRequired":true,"valueName":"search_term_string"}}],"inLanguage":"es"}]}},"_links":{"self":[{"href":"https:\/\/www.mgalaxy.com\/es\/wp-json\/wp\/v2\/pages\/1958","targetHints":{"allow":["GET"]}}],"collection":[{"href":"https:\/\/www.mgalaxy.com\/es\/wp-json\/wp\/v2\/pages"}],"about":[{"href":"https:\/\/www.mgalaxy.com\/es\/wp-json\/wp\/v2\/types\/page"}],"author":[{"embeddable":true,"href":"https:\/\/www.mgalaxy.com\/es\/wp-json\/wp\/v2\/users\/3"}],"replies":[{"embeddable":true,"href":"https:\/\/www.mgalaxy.com\/es\/wp-json\/wp\/v2\/comments?post=1958"}],"version-history":[{"count":7,"href":"https:\/\/www.mgalaxy.com\/es\/wp-json\/wp\/v2\/pages\/1958\/revisions"}],"predecessor-version":[{"id":4181,"href":"https:\/\/www.mgalaxy.com\/es\/wp-json\/wp\/v2\/pages\/1958\/revisions\/4181"}],"wp:attachment":[{"href":"https:\/\/www.mgalaxy.com\/es\/wp-json\/wp\/v2\/media?parent=1958"}],"curies":[{"name":"wp","href":"https:\/\/api.w.org\/{rel}","templated":true}]}}