{"id":1999,"date":"2020-10-19T10:41:58","date_gmt":"2020-10-19T10:41:58","guid":{"rendered":"https:\/\/www.mgalaxy.com\/emulatoren-einstellen\/"},"modified":"2020-11-01T12:22:13","modified_gmt":"2020-11-01T12:22:13","slug":"emulatoren-einstellen","status":"publish","type":"page","link":"https:\/\/www.mgalaxy.com\/de\/emulatoren-einstellen\/","title":{"rendered":"Emulatoren einstellen"},"content":{"rendered":"\t\t<div data-elementor-type=\"wp-page\" data-elementor-id=\"1999\" class=\"elementor elementor-1999\" data-elementor-post-type=\"page\">\n\t\t\t\t\t\t<section class=\"elementor-section elementor-top-section elementor-element elementor-element-3ed8ee9 elementor-section-boxed elementor-section-height-default elementor-section-height-default\" data-id=\"3ed8ee9\" data-element_type=\"section\" data-e-type=\"section\">\n\t\t\t\t\t\t<div class=\"elementor-container elementor-column-gap-default\">\n\t\t\t\t\t<div class=\"elementor-column elementor-col-100 elementor-top-column elementor-element elementor-element-61e5c50\" data-id=\"61e5c50\" data-element_type=\"column\" data-e-type=\"column\">\n\t\t\t<div class=\"elementor-widget-wrap elementor-element-populated\">\n\t\t\t\t\t\t<section class=\"elementor-section elementor-inner-section elementor-element elementor-element-fe58894 elementor-section-boxed elementor-section-height-default elementor-section-height-default\" data-id=\"fe58894\" data-element_type=\"section\" data-e-type=\"section\" data-settings=\"{&quot;background_background&quot;:&quot;classic&quot;}\">\n\t\t\t\t\t\t<div class=\"elementor-container elementor-column-gap-default\">\n\t\t\t\t\t<div class=\"elementor-column elementor-col-100 elementor-inner-column elementor-element elementor-element-87af7e8\" data-id=\"87af7e8\" data-element_type=\"column\" data-e-type=\"column\">\n\t\t\t<div class=\"elementor-widget-wrap elementor-element-populated\">\n\t\t\t\t\t\t<div class=\"elementor-element elementor-element-fc28950 elementor-widget elementor-widget-heading\" data-id=\"fc28950\" data-element_type=\"widget\" data-e-type=\"widget\" data-widget_type=\"heading.default\">\n\t\t\t\t<div class=\"elementor-widget-container\">\n\t\t\t\t\t<h4 class=\"elementor-heading-title elementor-size-default\">WICHTIGER HINWEIS<\/h4>\t\t\t\t<\/div>\n\t\t\t\t<\/div>\n\t\t\t\t<div class=\"elementor-element elementor-element-81619ff elementor-widget elementor-widget-text-editor\" data-id=\"81619ff\" data-element_type=\"widget\" data-e-type=\"widget\" data-widget_type=\"text-editor.default\">\n\t\t\t\t<div class=\"elementor-widget-container\">\n\t\t\t\t\t\t\t\t\t<p>Vor jeder Benutzung durch mGalaxy ist es wichtig zu u00fcberpru00fcfen, ob Ihr Emulator richtig konfiguriert ist (Tastenbelegung, Bildschirmauflu00f6sung, &#8230;) und ob er alleine einwandfrei funktioniert.<\/p>n\t\t\t\t\t\t\t\t<\/div>\n\t\t\t\t<\/div>\n\t\t\t\t\t<\/div>\n\t\t<\/div>\n\t\t\t\t\t<\/div>\n\t\t<\/section>\n\t\t\t\t<div class=\"elementor-element elementor-element-bbd9d72 elementor-widget elementor-widget-spacer\" data-id=\"bbd9d72\" data-element_type=\"widget\" data-e-type=\"widget\" data-widget_type=\"spacer.default\">\n\t\t\t\t<div class=\"elementor-widget-container\">\n\t\t\t\t\t\t\t<div class=\"elementor-spacer\">\n\t\t\t<div class=\"elementor-spacer-inner\"><\/div>\n\t\t<\/div>\n\t\t\t\t\t\t<\/div>\n\t\t\t\t<\/div>\n\t\t\t\t\t<\/div>\n\t\t<\/div>\n\t\t\t\t\t<\/div>\n\t\t<\/section>\n\t\t\t\t<\/div>\n\t\t","protected":false},"excerpt":{"rendered":"<p>WICHTIGER HINWEIS Vor jeder Benutzung durch mGalaxy ist es wichtig zu \u00fcberpr\u00fcfen, ob Ihr Emulator richtig konfiguriert ist (Tastenbelegung, Bildschirmaufl\u00f6sung, &#8230;) und ob er alleine einwandfrei funktioniert. Emulator settings Amstrad CPC WinApe To set the emulator to fullscreen Start WinApe, go to &#8218;Setting&#8216; &gt; &#8218;Display&#8216; &gt; check &#8218;Hide Control Panel&#8216;, &#8218;Hide Menus&#8216; (you can even [&hellip;]<\/p>\n","protected":false},"author":3,"featured_media":0,"parent":0,"menu_order":0,"comment_status":"closed","ping_status":"closed","template":"","meta":{"footnotes":""},"class_list":["post-1999","page","type-page","status-publish","hentry"],"yoast_head":"<!-- This site is optimized with the Yoast SEO Premium plugin v25.3.1 (Yoast SEO v27.0) - https:\/\/yoast.com\/product\/yoast-seo-premium-wordpress\/ -->\n<title>Emulatoren einstellen - mGalaxy<\/title>\n<meta name=\"description\" content=\"mGalaxy - The BEST and easiest frontend for emulation (Mame arcade, game console emulators) layed out in a neat and nice interface.\" \/>\n<meta name=\"robots\" content=\"index, follow, max-snippet:-1, max-image-preview:large, max-video-preview:-1\" \/>\n<link rel=\"canonical\" href=\"https:\/\/www.mgalaxy.com\/de\/emulatoren-einstellen\/\" \/>\n<meta property=\"og:locale\" content=\"de_DE\" \/>\n<meta property=\"og:type\" content=\"article\" \/>\n<meta property=\"og:title\" content=\"Emulatoren einstellen\" \/>\n<meta property=\"og:description\" content=\"mGalaxy - The BEST and easiest frontend for emulation (Mame arcade, game console emulators) layed out in a neat and nice interface.\" \/>\n<meta property=\"og:url\" content=\"https:\/\/www.mgalaxy.com\/de\/emulatoren-einstellen\/\" \/>\n<meta property=\"og:site_name\" content=\"mGalaxy\" \/>\n<meta property=\"article:publisher\" content=\"https:\/\/www.facebook.com\/mgalaxyFE\" \/>\n<meta property=\"article:modified_time\" content=\"2020-11-01T12:22:13+00:00\" \/>\n<meta property=\"og:image\" content=\"https:\/\/www.mgalaxy.com\/wp-content\/plugins\/helpie-faq\/\/assets\/img\/search-icon.png\" \/>\n<meta name=\"twitter:card\" content=\"summary_large_image\" \/>\n<meta name=\"twitter:site\" content=\"@mGalaxyFE\" \/>\n<meta name=\"twitter:label1\" content=\"Gesch\u00e4tzte Lesezeit\" \/>\n\t<meta name=\"twitter:data1\" content=\"30\u00a0Minuten\" \/>\n<script type=\"application\/ld+json\" class=\"yoast-schema-graph\">{\"@context\":\"https:\/\/schema.org\",\"@graph\":[{\"@type\":\"WebPage\",\"@id\":\"https:\/\/www.mgalaxy.com\/de\/emulatoren-einstellen\/\",\"url\":\"https:\/\/www.mgalaxy.com\/de\/emulatoren-einstellen\/\",\"name\":\"Emulatoren einstellen - mGalaxy\",\"isPartOf\":{\"@id\":\"https:\/\/www.mgalaxy.com\/de\/#website\"},\"primaryImageOfPage\":{\"@id\":\"https:\/\/www.mgalaxy.com\/de\/emulatoren-einstellen\/#primaryimage\"},\"image\":{\"@id\":\"https:\/\/www.mgalaxy.com\/de\/emulatoren-einstellen\/#primaryimage\"},\"thumbnailUrl\":\"https:\/\/www.mgalaxy.com\/wp-content\/plugins\/helpie-faq\/\/assets\/img\/search-icon.png\",\"datePublished\":\"2020-10-19T10:41:58+00:00\",\"dateModified\":\"2020-11-01T12:22:13+00:00\",\"description\":\"mGalaxy - The BEST and easiest frontend for emulation (Mame arcade, game console emulators) layed out in a neat and nice interface.\",\"breadcrumb\":{\"@id\":\"https:\/\/www.mgalaxy.com\/de\/emulatoren-einstellen\/#breadcrumb\"},\"inLanguage\":\"de\",\"potentialAction\":[{\"@type\":\"ReadAction\",\"target\":[\"https:\/\/www.mgalaxy.com\/de\/emulatoren-einstellen\/\"]}]},{\"@type\":\"ImageObject\",\"inLanguage\":\"de\",\"@id\":\"https:\/\/www.mgalaxy.com\/de\/emulatoren-einstellen\/#primaryimage\",\"url\":\"https:\/\/www.mgalaxy.com\/wp-content\/plugins\/helpie-faq\/\/assets\/img\/search-icon.png\",\"contentUrl\":\"https:\/\/www.mgalaxy.com\/wp-content\/plugins\/helpie-faq\/\/assets\/img\/search-icon.png\"},{\"@type\":\"BreadcrumbList\",\"@id\":\"https:\/\/www.mgalaxy.com\/de\/emulatoren-einstellen\/#breadcrumb\",\"itemListElement\":[{\"@type\":\"ListItem\",\"position\":1,\"name\":\"Home\",\"item\":\"https:\/\/www.mgalaxy.com\/de\/\"},{\"@type\":\"ListItem\",\"position\":2,\"name\":\"Emulatoren einstellen\"}]},{\"@type\":\"WebSite\",\"@id\":\"https:\/\/www.mgalaxy.com\/de\/#website\",\"url\":\"https:\/\/www.mgalaxy.com\/de\/\",\"name\":\"mGalaxy\",\"description\":\"mGalaxy - The best and easiest frontend for emulation (Mame arcade, game console emulators) layed out in a neat and nice interface.\",\"potentialAction\":[{\"@type\":\"SearchAction\",\"target\":{\"@type\":\"EntryPoint\",\"urlTemplate\":\"https:\/\/www.mgalaxy.com\/de\/?s={search_term_string}\"},\"query-input\":{\"@type\":\"PropertyValueSpecification\",\"valueRequired\":true,\"valueName\":\"search_term_string\"}}],\"inLanguage\":\"de\"}]}<\/script>\n<!-- \/ Yoast SEO Premium plugin. -->","yoast_head_json":{"title":"Emulatoren einstellen - mGalaxy","description":"mGalaxy - The BEST and easiest frontend for emulation (Mame arcade, game console emulators) layed out in a neat and nice interface.","robots":{"index":"index","follow":"follow","max-snippet":"max-snippet:-1","max-image-preview":"max-image-preview:large","max-video-preview":"max-video-preview:-1"},"canonical":"https:\/\/www.mgalaxy.com\/de\/emulatoren-einstellen\/","og_locale":"de_DE","og_type":"article","og_title":"Emulatoren einstellen","og_description":"mGalaxy - The BEST and easiest frontend for emulation (Mame arcade, game console emulators) layed out in a neat and nice interface.","og_url":"https:\/\/www.mgalaxy.com\/de\/emulatoren-einstellen\/","og_site_name":"mGalaxy","article_publisher":"https:\/\/www.facebook.com\/mgalaxyFE","article_modified_time":"2020-11-01T12:22:13+00:00","og_image":[{"url":"https:\/\/www.mgalaxy.com\/wp-content\/plugins\/helpie-faq\/\/assets\/img\/search-icon.png","type":"","width":"","height":""}],"twitter_card":"summary_large_image","twitter_site":"@mGalaxyFE","twitter_misc":{"Gesch\u00e4tzte Lesezeit":"30\u00a0Minuten"},"schema":{"@context":"https:\/\/schema.org","@graph":[{"@type":"WebPage","@id":"https:\/\/www.mgalaxy.com\/de\/emulatoren-einstellen\/","url":"https:\/\/www.mgalaxy.com\/de\/emulatoren-einstellen\/","name":"Emulatoren einstellen - mGalaxy","isPartOf":{"@id":"https:\/\/www.mgalaxy.com\/de\/#website"},"primaryImageOfPage":{"@id":"https:\/\/www.mgalaxy.com\/de\/emulatoren-einstellen\/#primaryimage"},"image":{"@id":"https:\/\/www.mgalaxy.com\/de\/emulatoren-einstellen\/#primaryimage"},"thumbnailUrl":"https:\/\/www.mgalaxy.com\/wp-content\/plugins\/helpie-faq\/\/assets\/img\/search-icon.png","datePublished":"2020-10-19T10:41:58+00:00","dateModified":"2020-11-01T12:22:13+00:00","description":"mGalaxy - The BEST and easiest frontend for emulation (Mame arcade, game console emulators) layed out in a neat and nice interface.","breadcrumb":{"@id":"https:\/\/www.mgalaxy.com\/de\/emulatoren-einstellen\/#breadcrumb"},"inLanguage":"de","potentialAction":[{"@type":"ReadAction","target":["https:\/\/www.mgalaxy.com\/de\/emulatoren-einstellen\/"]}]},{"@type":"ImageObject","inLanguage":"de","@id":"https:\/\/www.mgalaxy.com\/de\/emulatoren-einstellen\/#primaryimage","url":"https:\/\/www.mgalaxy.com\/wp-content\/plugins\/helpie-faq\/\/assets\/img\/search-icon.png","contentUrl":"https:\/\/www.mgalaxy.com\/wp-content\/plugins\/helpie-faq\/\/assets\/img\/search-icon.png"},{"@type":"BreadcrumbList","@id":"https:\/\/www.mgalaxy.com\/de\/emulatoren-einstellen\/#breadcrumb","itemListElement":[{"@type":"ListItem","position":1,"name":"Home","item":"https:\/\/www.mgalaxy.com\/de\/"},{"@type":"ListItem","position":2,"name":"Emulatoren einstellen"}]},{"@type":"WebSite","@id":"https:\/\/www.mgalaxy.com\/de\/#website","url":"https:\/\/www.mgalaxy.com\/de\/","name":"mGalaxy","description":"mGalaxy - The best and easiest frontend for emulation (Mame arcade, game console emulators) layed out in a neat and nice interface.","potentialAction":[{"@type":"SearchAction","target":{"@type":"EntryPoint","urlTemplate":"https:\/\/www.mgalaxy.com\/de\/?s={search_term_string}"},"query-input":{"@type":"PropertyValueSpecification","valueRequired":true,"valueName":"search_term_string"}}],"inLanguage":"de"}]}},"_links":{"self":[{"href":"https:\/\/www.mgalaxy.com\/de\/wp-json\/wp\/v2\/pages\/1999","targetHints":{"allow":["GET"]}}],"collection":[{"href":"https:\/\/www.mgalaxy.com\/de\/wp-json\/wp\/v2\/pages"}],"about":[{"href":"https:\/\/www.mgalaxy.com\/de\/wp-json\/wp\/v2\/types\/page"}],"author":[{"embeddable":true,"href":"https:\/\/www.mgalaxy.com\/de\/wp-json\/wp\/v2\/users\/3"}],"replies":[{"embeddable":true,"href":"https:\/\/www.mgalaxy.com\/de\/wp-json\/wp\/v2\/comments?post=1999"}],"version-history":[{"count":1,"href":"https:\/\/www.mgalaxy.com\/de\/wp-json\/wp\/v2\/pages\/1999\/revisions"}],"predecessor-version":[{"id":2676,"href":"https:\/\/www.mgalaxy.com\/de\/wp-json\/wp\/v2\/pages\/1999\/revisions\/2676"}],"wp:attachment":[{"href":"https:\/\/www.mgalaxy.com\/de\/wp-json\/wp\/v2\/media?parent=1999"}],"curies":[{"name":"wp","href":"https:\/\/api.w.org\/{rel}","templated":true}]}}