{"id":1962,"date":"2020-10-19T10:18:36","date_gmt":"2020-10-19T10:18:36","guid":{"rendered":"https:\/\/www.mgalaxy.com\/startseite-2\/"},"modified":"2024-11-03T17:16:08","modified_gmt":"2024-11-03T17:16:08","slug":"startseite","status":"publish","type":"page","link":"https:\/\/www.mgalaxy.com\/de\/","title":{"rendered":"Startseite"},"content":{"rendered":"\t\t<div data-elementor-type=\"wp-page\" data-elementor-id=\"1962\" class=\"elementor elementor-1962 elementor-1785\" data-elementor-post-type=\"page\">\n\t\t\t\t\t\t<section class=\"elementor-section elementor-top-section elementor-element elementor-element-c458538 elementor-section-boxed elementor-section-height-default elementor-section-height-default\" data-id=\"c458538\" data-element_type=\"section\" data-e-type=\"section\">\n\t\t\t\t\t\t<div class=\"elementor-container elementor-column-gap-default\">\n\t\t\t\t\t<div class=\"elementor-column elementor-col-100 elementor-top-column elementor-element elementor-element-ed7983c\" data-id=\"ed7983c\" data-element_type=\"column\" data-e-type=\"column\">\n\t\t\t<div class=\"elementor-widget-wrap elementor-element-populated\">\n\t\t\t\t\t\t<div class=\"elementor-element elementor-element-32111c2 elementor-widget elementor-widget-text-editor\" data-id=\"32111c2\" data-element_type=\"widget\" data-e-type=\"widget\" data-widget_type=\"text-editor.default\">\n\t\t\t\t<div class=\"elementor-widget-container\">\n\t\t\t\t\t\t\t\t\t<p>Ein Frontend mit Seele<\/p>\n\t\t\t\t\t\t\t\t<\/div>\n\t\t\t\t<\/div>\n\t\t\t\t<div class=\"elementor-element elementor-element-b8652ef elementor-arrows-position-inside elementor-pagination-position-outside elementor-widget elementor-widget-image-carousel\" data-id=\"b8652ef\" data-element_type=\"widget\" data-e-type=\"widget\" data-settings=\"{&quot;slides_to_show&quot;:&quot;1&quot;,&quot;effect&quot;:&quot;fade&quot;,&quot;navigation&quot;:&quot;both&quot;,&quot;autoplay&quot;:&quot;yes&quot;,&quot;pause_on_hover&quot;:&quot;yes&quot;,&quot;pause_on_interaction&quot;:&quot;yes&quot;,&quot;autoplay_speed&quot;:5000,&quot;infinite&quot;:&quot;yes&quot;,&quot;speed&quot;:500}\" data-widget_type=\"image-carousel.default\">\n\t\t\t\t<div class=\"elementor-widget-container\">\n\t\t\t\t\t\t\t<div class=\"elementor-image-carousel-wrapper swiper\" role=\"region\" aria-roledescription=\"carousel\" aria-label=\"Bild Karussell\" dir=\"ltr\">\n\t\t\t<div class=\"elementor-image-carousel swiper-wrapper\" aria-live=\"off\">\n\t\t\t\t\t\t\t\t<div class=\"swiper-slide\" role=\"group\" aria-roledescription=\"slide\" aria-label=\"1 von 18\"><figure class=\"swiper-slide-inner\"><img decoding=\"async\" class=\"swiper-slide-image\" src=\"https:\/\/www.mgalaxy.com\/wp-content\/uploads\/elementor\/thumbs\/MVR2_3-pncxqq77tvqfcod751rztalsr0jxipuuxj8395qoao.jpg\" alt=\"MVR2_3\" \/><\/figure><\/div><div class=\"swiper-slide\" role=\"group\" aria-roledescription=\"slide\" aria-label=\"2 von 18\"><figure class=\"swiper-slide-inner\"><img decoding=\"async\" class=\"swiper-slide-image\" src=\"https:\/\/www.mgalaxy.com\/wp-content\/uploads\/elementor\/thumbs\/Tile-qnjc1vfywpda2128x76cst09e12sfy82m8kaeozog0.jpg\" alt=\"Tile\" \/><\/figure><\/div><div class=\"swiper-slide\" role=\"group\" aria-roledescription=\"slide\" aria-label=\"3 von 18\"><figure class=\"swiper-slide-inner\"><img decoding=\"async\" class=\"swiper-slide-image\" src=\"https:\/\/www.mgalaxy.com\/wp-content\/uploads\/elementor\/thumbs\/MVR2_1-pya0mkjszvisuk6vz9l23fyql9ubetymb1tzdc2hs0.jpg\" alt=\"MVR2_1\" \/><\/figure><\/div><div class=\"swiper-slide\" role=\"group\" aria-roledescription=\"slide\" aria-label=\"4 von 18\"><figure class=\"swiper-slide-inner\"><img decoding=\"async\" class=\"swiper-slide-image\" src=\"https:\/\/www.mgalaxy.com\/wp-content\/uploads\/elementor\/thumbs\/PRES_03-py1g8blu41dpxytrb9aqg224bvetbssz80tziphev4.jpg\" alt=\"PRES_03\" \/><\/figure><\/div><div class=\"swiper-slide\" role=\"group\" aria-roledescription=\"slide\" aria-label=\"5 von 18\"><figure class=\"swiper-slide-inner\"><img decoding=\"async\" class=\"swiper-slide-image\" src=\"https:\/\/www.mgalaxy.com\/wp-content\/uploads\/elementor\/thumbs\/MVR2_2-1-pncxqq77tvqfcod751rztalsr0jxipuuxj8395qoao.jpg\" alt=\"MVR2_2\" \/><\/figure><\/div><div class=\"swiper-slide\" role=\"group\" aria-roledescription=\"slide\" aria-label=\"6 von 18\"><figure class=\"swiper-slide-inner\"><img decoding=\"async\" class=\"swiper-slide-image\" src=\"https:\/\/www.mgalaxy.com\/wp-content\/uploads\/elementor\/thumbs\/dbEdit-pncxqq77tvqfcod751rztalsr0jxipuuxj8395qoao.jpg\" alt=\"dbEdit\" \/><\/figure><\/div><div class=\"swiper-slide\" role=\"group\" aria-roledescription=\"slide\" aria-label=\"7 von 18\"><figure class=\"swiper-slide-inner\"><img decoding=\"async\" class=\"swiper-slide-image\" src=\"https:\/\/www.mgalaxy.com\/wp-content\/uploads\/elementor\/thumbs\/MVR1_01-pncxqq77tvqfcod751rztalsr0jxipuuxj8395qoao.jpg\" alt=\"MVR1_01\" \/><\/figure><\/div><div class=\"swiper-slide\" role=\"group\" aria-roledescription=\"slide\" aria-label=\"8 von 18\"><figure class=\"swiper-slide-inner\"><img decoding=\"async\" class=\"swiper-slide-image\" src=\"https:\/\/www.mgalaxy.com\/wp-content\/uploads\/elementor\/thumbs\/MVR1_02-pncxqq77tvqfcod751rztalsr0jxipuuxj8395qoao.jpg\" alt=\"MVR1_02\" \/><\/figure><\/div><div class=\"swiper-slide\" role=\"group\" aria-roledescription=\"slide\" aria-label=\"9 von 18\"><figure class=\"swiper-slide-inner\"><img decoding=\"async\" class=\"swiper-slide-image\" src=\"https:\/\/www.mgalaxy.com\/wp-content\/uploads\/elementor\/thumbs\/MAR1_01-pncxqq77tvqfcod751rztalsr0jxipuuxj8395qoao.jpg\" alt=\"MAR1_01\" \/><\/figure><\/div><div class=\"swiper-slide\" role=\"group\" aria-roledescription=\"slide\" aria-label=\"10 von 18\"><figure class=\"swiper-slide-inner\"><img decoding=\"async\" class=\"swiper-slide-image\" src=\"https:\/\/www.mgalaxy.com\/wp-content\/uploads\/elementor\/thumbs\/MAR1_02-pncxqq77tvqfcod751rztalsr0jxipuuxj8395qoao.jpg\" alt=\"MAR1_02\" \/><\/figure><\/div><div class=\"swiper-slide\" role=\"group\" aria-roledescription=\"slide\" aria-label=\"11 von 18\"><figure class=\"swiper-slide-inner\"><img decoding=\"async\" class=\"swiper-slide-image\" src=\"https:\/\/www.mgalaxy.com\/wp-content\/uploads\/elementor\/thumbs\/Tile2-qnjc1z7bo1ifcgwsb8sv2s23rkk9aqmzyr68bsu3r4.jpg\" alt=\"Tile2\" \/><\/figure><\/div><div class=\"swiper-slide\" role=\"group\" aria-roledescription=\"slide\" aria-label=\"12 von 18\"><figure class=\"swiper-slide-inner\"><img decoding=\"async\" class=\"swiper-slide-image\" src=\"https:\/\/www.mgalaxy.com\/wp-content\/uploads\/elementor\/thumbs\/MSNES_01-pncxqq77tvqfcod751rztalsr0jxipuuxj8395qoao.jpg\" alt=\"MSNES_01\" \/><\/figure><\/div><div class=\"swiper-slide\" role=\"group\" aria-roledescription=\"slide\" aria-label=\"13 von 18\"><figure class=\"swiper-slide-inner\"><img decoding=\"async\" class=\"swiper-slide-image\" src=\"https:\/\/www.mgalaxy.com\/wp-content\/uploads\/elementor\/thumbs\/MSNES_02-pncxqq77tvqfcod751rztalsr0jxipuuxj8395qoao.jpg\" alt=\"MSNES_02\" \/><\/figure><\/div><div class=\"swiper-slide\" role=\"group\" aria-roledescription=\"slide\" aria-label=\"14 von 18\"><figure class=\"swiper-slide-inner\"><img decoding=\"async\" class=\"swiper-slide-image\" src=\"https:\/\/www.mgalaxy.com\/wp-content\/uploads\/elementor\/thumbs\/PRES_01-pncxqq77tvqfcod751rztalsr0jxipuuxj8395qoao.jpg\" alt=\"PRES_01\" \/><\/figure><\/div><div class=\"swiper-slide\" role=\"group\" aria-roledescription=\"slide\" aria-label=\"15 von 18\"><figure class=\"swiper-slide-inner\"><img decoding=\"async\" class=\"swiper-slide-image\" src=\"https:\/\/www.mgalaxy.com\/wp-content\/uploads\/elementor\/thumbs\/STRIPE01_01-pncxqq77tvqfcod751rztalsr0jxipuuxj8395qoao.jpg\" alt=\"STRIPE01_01\" \/><\/figure><\/div><div class=\"swiper-slide\" role=\"group\" aria-roledescription=\"slide\" aria-label=\"16 von 18\"><figure class=\"swiper-slide-inner\"><img decoding=\"async\" class=\"swiper-slide-image\" src=\"https:\/\/www.mgalaxy.com\/wp-content\/uploads\/elementor\/thumbs\/PRES_02-pncxqq77tvqfcod751rztalsr0jxipuuxj8395qoao.jpg\" alt=\"PRES_02\" \/><\/figure><\/div><div class=\"swiper-slide\" role=\"group\" aria-roledescription=\"slide\" aria-label=\"17 von 18\"><figure class=\"swiper-slide-inner\"><img decoding=\"async\" class=\"swiper-slide-image\" src=\"https:\/\/www.mgalaxy.com\/wp-content\/uploads\/elementor\/thumbs\/BASE_01-pncxqq77tvqfcod751rztalsr0jxipuuxj8395qoao.jpg\" alt=\"BASE_01\" \/><\/figure><\/div><div class=\"swiper-slide\" role=\"group\" aria-roledescription=\"slide\" aria-label=\"18 von 18\"><figure class=\"swiper-slide-inner\"><img decoding=\"async\" class=\"swiper-slide-image\" src=\"https:\/\/www.mgalaxy.com\/wp-content\/uploads\/elementor\/thumbs\/BASE_02-pncxqq77tvqfcod751rztalsr0jxipuuxj8395qoao.jpg\" alt=\"BASE_02\" \/><\/figure><\/div>\t\t\t<\/div>\n\t\t\t\t\t\t\t\t\t\t\t\t<div class=\"elementor-swiper-button elementor-swiper-button-prev\" role=\"button\" tabindex=\"0\">\n\t\t\t\t\t\t<i aria-hidden=\"true\" class=\"eicon-chevron-left\"><\/i>\t\t\t\t\t<\/div>\n\t\t\t\t\t<div class=\"elementor-swiper-button elementor-swiper-button-next\" role=\"button\" tabindex=\"0\">\n\t\t\t\t\t\t<i aria-hidden=\"true\" class=\"eicon-chevron-right\"><\/i>\t\t\t\t\t<\/div>\n\t\t\t\t\n\t\t\t\t\t\t\t\t\t<div class=\"swiper-pagination\"><\/div>\n\t\t\t\t\t\t\t\t\t<\/div>\n\t\t\t\t\t\t<\/div>\n\t\t\t\t<\/div>\n\t\t\t\t<div class=\"elementor-element elementor-element-a675e1b elementor-widget elementor-widget-text-editor\" data-id=\"a675e1b\" data-element_type=\"widget\" data-e-type=\"widget\" data-widget_type=\"text-editor.default\">\n\t\t\t\t<div class=\"elementor-widget-container\">\n\t\t\t\t\t\t\t\t\t<p>mGalaxy ist der beste Launcher (auch &#8218;Frontend&#8216; genannt) f\u00fcr Arcade-, Konsolen- und Computerspiele.<\/p>\n<p>Erleben Sie den Spa\u00df am Spielen all dieser Retro-Spiele aus Ihrer Kindheit (aber auch aktuelle Spiele) mit einer stilvollen Benutzeroberfl\u00e4che!<\/p>\n<p>Mehr als 60 Spielplattformen sind anerkannt!<\/p>\n<p>mGalaxy ist nicht nur das eleganteste Frontend, es ist auch das zug\u00e4nglichste und benutzerfreundlichste!<\/p>\n\t\t\t\t\t\t\t\t<\/div>\n\t\t\t\t<\/div>\n\t\t\t\t<div class=\"elementor-element elementor-element-3ba827d elementor-align-center elementor-widget elementor-widget-button\" data-id=\"3ba827d\" data-element_type=\"widget\" data-e-type=\"widget\" data-widget_type=\"button.default\">\n\t\t\t\t<div class=\"elementor-widget-container\">\n\t\t\t\t\t\t\t\t\t<div class=\"elementor-button-wrapper\">\n\t\t\t\t\t<a class=\"elementor-button elementor-button-link elementor-size-lg\" href=\"https:\/\/www.mgalaxy.com\/de\/herunterladen\/\">\n\t\t\t\t\t\t<span class=\"elementor-button-content-wrapper\">\n\t\t\t\t\t\t\t\t\t<span class=\"elementor-button-text\">Herunterladen<\/span>\n\t\t\t\t\t<\/span>\n\t\t\t\t\t<\/a>\n\t\t\t\t<\/div>\n\t\t\t\t\t\t\t\t<\/div>\n\t\t\t\t<\/div>\n\t\t\t\t<div class=\"elementor-element elementor-element-6cc1cfc elementor-widget elementor-widget-menu-anchor\" data-id=\"6cc1cfc\" data-element_type=\"widget\" data-e-type=\"widget\" data-widget_type=\"menu-anchor.default\">\n\t\t\t\t<div class=\"elementor-widget-container\">\n\t\t\t\t\t\t\t<div class=\"elementor-menu-anchor\" id=\"FeatureAnchor\"><\/div>\n\t\t\t\t\t\t<\/div>\n\t\t\t\t<\/div>\n\t\t\t\t<div class=\"elementor-element elementor-element-855ba64 elementor-widget elementor-widget-text-editor\" data-id=\"855ba64\" data-element_type=\"widget\" data-e-type=\"widget\" data-widget_type=\"text-editor.default\">\n\t\t\t\t<div class=\"elementor-widget-container\">\n\t\t\t\t\t\t\t\t\t<p>Merkmale<\/p>\n\t\t\t\t\t\t\t\t<\/div>\n\t\t\t\t<\/div>\n\t\t\t\t<section class=\"elementor-section elementor-inner-section elementor-element elementor-element-88837e5 elementor-section-boxed elementor-section-height-default elementor-section-height-default\" data-id=\"88837e5\" data-element_type=\"section\" data-e-type=\"section\">\n\t\t\t\t\t\t<div class=\"elementor-container elementor-column-gap-default\">\n\t\t\t\t\t<div class=\"elementor-column elementor-col-50 elementor-inner-column elementor-element elementor-element-5c3fd43\" data-id=\"5c3fd43\" data-element_type=\"column\" data-e-type=\"column\">\n\t\t\t<div class=\"elementor-widget-wrap elementor-element-populated\">\n\t\t\t\t\t\t<div class=\"elementor-element elementor-element-6e2cd8f elementor-widget elementor-widget-text-editor\" data-id=\"6e2cd8f\" data-element_type=\"widget\" data-e-type=\"widget\" data-widget_type=\"text-editor.default\">\n\t\t\t\t<div class=\"elementor-widget-container\">\n\t\t\t\t\t\t\t\t\t<ul>\r\n \t<li>Arbeitet mit einer gro\u00dfen Anzahl von Emulatoren, die alle Arcade- und Konsolensysteme abdecken.<\/li>\r\n \t<li>Musik- und Radio-Player. Tausende von Internetradios direkt \u00fcber die mGalaxy-Schnittstelle verf\u00fcgbar.<\/li>\r\n \t<li>Kompatibel mit Tastatur, Controllern und Arcade-Panels.<\/li>\r\n \t<li>Unterst\u00fctzt vertikale und horizontale Anzeige.<\/li>\r\n \t<li>Tragbar.<\/li>\r\n \t<li>Datenbankmanager (automatisches und\/oder manuelles F\u00fcllen der Datenbank).<\/li>\r\n \t<li>Bildschirmschoner\/Aktraktionsmodus.<\/li>\r\n \t<li>Kindersicherung zum Schutz Ihrer Einstellungen.<\/li>\r\n<\/ul>\t\t\t\t\t\t\t\t<\/div>\n\t\t\t\t<\/div>\n\t\t\t\t\t<\/div>\n\t\t<\/div>\n\t\t\t\t<div class=\"elementor-column elementor-col-50 elementor-inner-column elementor-element elementor-element-4c27ef3\" data-id=\"4c27ef3\" data-element_type=\"column\" data-e-type=\"column\">\n\t\t\t<div class=\"elementor-widget-wrap elementor-element-populated\">\n\t\t\t\t\t\t<div class=\"elementor-element elementor-element-d26c0de elementor-widget elementor-widget-text-editor\" data-id=\"d26c0de\" data-element_type=\"widget\" data-e-type=\"widget\" data-widget_type=\"text-editor.default\">\n\t\t\t\t<div class=\"elementor-widget-container\">\n\t\t\t\t\t\t\t\t\t<ul>\r\n \t<li>Vorschau von Spielbildern und Videos.<\/li>\r\n \t<li>Listennavigation: Standard\/schnell\/alphabetisch.<\/li>\r\n \t<li>Favoriten speichern\/letztmals gespielte\/nicht mehr gespielte Spiele (auch wenn sich der ROM-Name zwischenzeitlich \u00e4ndert).<\/li>\r\n \t<li>Filterung der Spiele nach Favoriten und\/oder Genre und\/oder Anzahl der Spieler und\/oder Stichwort (verschachtelte Filter).<\/li>\r\n \t<li>Schnellsuche \u00fcber Tastatur oder virtuelle Tastatur.<\/li>\r\n \t<li>Zuf\u00e4llige Spielauswahl.<\/li>\r\n \t<li>Sehr einfach zu konfigurieren und zu verwenden.<\/li>\r\n \t<li>Sch\u00f6nes und \u00fcbersichtliches Interface.<\/li>\r\n<\/ul>\t\t\t\t\t\t\t\t<\/div>\n\t\t\t\t<\/div>\n\t\t\t\t\t<\/div>\n\t\t<\/div>\n\t\t\t\t\t<\/div>\n\t\t<\/section>\n\t\t\t\t<div class=\"elementor-element elementor-element-e214f1a elementor-align-center elementor-widget elementor-widget-button\" data-id=\"e214f1a\" data-element_type=\"widget\" data-e-type=\"widget\" data-widget_type=\"button.default\">\n\t\t\t\t<div class=\"elementor-widget-container\">\n\t\t\t\t\t\t\t\t\t<div class=\"elementor-button-wrapper\">\n\t\t\t\t\t<a class=\"elementor-button elementor-button-link elementor-size-lg\" href=\"https:\/\/www.mgalaxy.com\/de\/premium\/\">\n\t\t\t\t\t\t<span class=\"elementor-button-content-wrapper\">\n\t\t\t\t\t\t\t\t\t<span class=\"elementor-button-text\">PREMIUMFUNKTIONEN<\/span>\n\t\t\t\t\t<\/span>\n\t\t\t\t\t<\/a>\n\t\t\t\t<\/div>\n\t\t\t\t\t\t\t\t<\/div>\n\t\t\t\t<\/div>\n\t\t\t\t\t<\/div>\n\t\t<\/div>\n\t\t\t\t\t<\/div>\n\t\t<\/section>\n\t\t\t\t<\/div>\n\t\t","protected":false},"excerpt":{"rendered":"<p>Ein Frontend mit Seele mGalaxy ist der beste Launcher (auch &#8218;Frontend&#8216; genannt) f\u00fcr Arcade-, Konsolen- und Computerspiele. Erleben Sie den Spa\u00df am Spielen all dieser Retro-Spiele aus Ihrer Kindheit (aber auch aktuelle Spiele) mit einer stilvollen Benutzeroberfl\u00e4che! Mehr als 60 Spielplattformen sind anerkannt! mGalaxy ist nicht nur das eleganteste Frontend, es ist auch das zug\u00e4nglichste [&hellip;]<\/p>\n","protected":false},"author":3,"featured_media":0,"parent":0,"menu_order":0,"comment_status":"closed","ping_status":"closed","template":"","meta":{"footnotes":""},"class_list":["post-1962","page","type-page","status-publish","hentry"],"yoast_head":"<!-- This site is optimized with the Yoast SEO Premium plugin v25.3.1 (Yoast SEO v27.0) - https:\/\/yoast.com\/product\/yoast-seo-premium-wordpress\/ -->\n<title>Startseite - mGalaxy<\/title>\n<meta name=\"description\" content=\"mGalaxy - The BEST and easiest frontend for emulation (Mame arcade, game console emulators) layed out in a neat and nice interface.\" \/>\n<meta name=\"robots\" content=\"index, follow, max-snippet:-1, max-image-preview:large, max-video-preview:-1\" \/>\n<link rel=\"canonical\" href=\"https:\/\/www.mgalaxy.com\/de\/\" \/>\n<meta property=\"og:locale\" content=\"de_DE\" \/>\n<meta property=\"og:type\" content=\"article\" \/>\n<meta property=\"og:title\" content=\"Startseite\" \/>\n<meta property=\"og:description\" content=\"mGalaxy - The BEST and easiest frontend for emulation (Mame arcade, game console emulators) layed out in a neat and nice interface.\" \/>\n<meta property=\"og:url\" content=\"https:\/\/www.mgalaxy.com\/de\/\" \/>\n<meta property=\"og:site_name\" content=\"mGalaxy\" \/>\n<meta property=\"article:publisher\" content=\"https:\/\/www.facebook.com\/mgalaxyFE\" \/>\n<meta property=\"article:modified_time\" content=\"2024-11-03T17:16:08+00:00\" \/>\n<meta property=\"og:image\" content=\"https:\/\/www.mgalaxy.com\/wp-content\/uploads\/MVR2_3-150x150.jpg\" \/>\n<meta name=\"twitter:card\" content=\"summary_large_image\" \/>\n<meta name=\"twitter:site\" content=\"@mGalaxyFE\" \/>\n<meta name=\"twitter:label1\" content=\"Gesch\u00e4tzte Lesezeit\" \/>\n\t<meta name=\"twitter:data1\" content=\"1\u00a0Minute\" \/>\n<script type=\"application\/ld+json\" class=\"yoast-schema-graph\">{\"@context\":\"https:\/\/schema.org\",\"@graph\":[{\"@type\":\"WebPage\",\"@id\":\"https:\/\/www.mgalaxy.com\/de\/\",\"url\":\"https:\/\/www.mgalaxy.com\/de\/\",\"name\":\"Startseite - mGalaxy\",\"isPartOf\":{\"@id\":\"https:\/\/www.mgalaxy.com\/de\/#website\"},\"primaryImageOfPage\":{\"@id\":\"https:\/\/www.mgalaxy.com\/de\/#primaryimage\"},\"image\":{\"@id\":\"https:\/\/www.mgalaxy.com\/de\/#primaryimage\"},\"thumbnailUrl\":\"https:\/\/www.mgalaxy.com\/wp-content\/uploads\/MVR2_3-150x150.jpg\",\"datePublished\":\"2020-10-19T10:18:36+00:00\",\"dateModified\":\"2024-11-03T17:16:08+00:00\",\"description\":\"mGalaxy - The BEST and easiest frontend for emulation (Mame arcade, game console emulators) layed out in a neat and nice interface.\",\"breadcrumb\":{\"@id\":\"https:\/\/www.mgalaxy.com\/de\/#breadcrumb\"},\"inLanguage\":\"de\",\"potentialAction\":[{\"@type\":\"ReadAction\",\"target\":[\"https:\/\/www.mgalaxy.com\/de\/\"]}]},{\"@type\":\"ImageObject\",\"inLanguage\":\"de\",\"@id\":\"https:\/\/www.mgalaxy.com\/de\/#primaryimage\",\"url\":\"https:\/\/www.mgalaxy.com\/wp-content\/uploads\/MVR2_3-150x150.jpg\",\"contentUrl\":\"https:\/\/www.mgalaxy.com\/wp-content\/uploads\/MVR2_3-150x150.jpg\"},{\"@type\":\"BreadcrumbList\",\"@id\":\"https:\/\/www.mgalaxy.com\/de\/#breadcrumb\",\"itemListElement\":[{\"@type\":\"ListItem\",\"position\":1,\"name\":\"Home\",\"item\":\"https:\/\/www.mgalaxy.com\/de\/\"},{\"@type\":\"ListItem\",\"position\":2,\"name\":\"Startseite\"}]},{\"@type\":\"WebSite\",\"@id\":\"https:\/\/www.mgalaxy.com\/de\/#website\",\"url\":\"https:\/\/www.mgalaxy.com\/de\/\",\"name\":\"mGalaxy\",\"description\":\"mGalaxy - The best and easiest frontend for emulation (Mame arcade, game console emulators) layed out in a neat and nice interface.\",\"potentialAction\":[{\"@type\":\"SearchAction\",\"target\":{\"@type\":\"EntryPoint\",\"urlTemplate\":\"https:\/\/www.mgalaxy.com\/de\/?s={search_term_string}\"},\"query-input\":{\"@type\":\"PropertyValueSpecification\",\"valueRequired\":true,\"valueName\":\"search_term_string\"}}],\"inLanguage\":\"de\"}]}<\/script>\n<!-- \/ Yoast SEO Premium plugin. -->","yoast_head_json":{"title":"Startseite - mGalaxy","description":"mGalaxy - The BEST and easiest frontend for emulation (Mame arcade, game console emulators) layed out in a neat and nice interface.","robots":{"index":"index","follow":"follow","max-snippet":"max-snippet:-1","max-image-preview":"max-image-preview:large","max-video-preview":"max-video-preview:-1"},"canonical":"https:\/\/www.mgalaxy.com\/de\/","og_locale":"de_DE","og_type":"article","og_title":"Startseite","og_description":"mGalaxy - The BEST and easiest frontend for emulation (Mame arcade, game console emulators) layed out in a neat and nice interface.","og_url":"https:\/\/www.mgalaxy.com\/de\/","og_site_name":"mGalaxy","article_publisher":"https:\/\/www.facebook.com\/mgalaxyFE","article_modified_time":"2024-11-03T17:16:08+00:00","og_image":[{"url":"https:\/\/www.mgalaxy.com\/wp-content\/uploads\/MVR2_3-150x150.jpg","type":"","width":"","height":""}],"twitter_card":"summary_large_image","twitter_site":"@mGalaxyFE","twitter_misc":{"Gesch\u00e4tzte Lesezeit":"1\u00a0Minute"},"schema":{"@context":"https:\/\/schema.org","@graph":[{"@type":"WebPage","@id":"https:\/\/www.mgalaxy.com\/de\/","url":"https:\/\/www.mgalaxy.com\/de\/","name":"Startseite - mGalaxy","isPartOf":{"@id":"https:\/\/www.mgalaxy.com\/de\/#website"},"primaryImageOfPage":{"@id":"https:\/\/www.mgalaxy.com\/de\/#primaryimage"},"image":{"@id":"https:\/\/www.mgalaxy.com\/de\/#primaryimage"},"thumbnailUrl":"https:\/\/www.mgalaxy.com\/wp-content\/uploads\/MVR2_3-150x150.jpg","datePublished":"2020-10-19T10:18:36+00:00","dateModified":"2024-11-03T17:16:08+00:00","description":"mGalaxy - The BEST and easiest frontend for emulation (Mame arcade, game console emulators) layed out in a neat and nice interface.","breadcrumb":{"@id":"https:\/\/www.mgalaxy.com\/de\/#breadcrumb"},"inLanguage":"de","potentialAction":[{"@type":"ReadAction","target":["https:\/\/www.mgalaxy.com\/de\/"]}]},{"@type":"ImageObject","inLanguage":"de","@id":"https:\/\/www.mgalaxy.com\/de\/#primaryimage","url":"https:\/\/www.mgalaxy.com\/wp-content\/uploads\/MVR2_3-150x150.jpg","contentUrl":"https:\/\/www.mgalaxy.com\/wp-content\/uploads\/MVR2_3-150x150.jpg"},{"@type":"BreadcrumbList","@id":"https:\/\/www.mgalaxy.com\/de\/#breadcrumb","itemListElement":[{"@type":"ListItem","position":1,"name":"Home","item":"https:\/\/www.mgalaxy.com\/de\/"},{"@type":"ListItem","position":2,"name":"Startseite"}]},{"@type":"WebSite","@id":"https:\/\/www.mgalaxy.com\/de\/#website","url":"https:\/\/www.mgalaxy.com\/de\/","name":"mGalaxy","description":"mGalaxy - The best and easiest frontend for emulation (Mame arcade, game console emulators) layed out in a neat and nice interface.","potentialAction":[{"@type":"SearchAction","target":{"@type":"EntryPoint","urlTemplate":"https:\/\/www.mgalaxy.com\/de\/?s={search_term_string}"},"query-input":{"@type":"PropertyValueSpecification","valueRequired":true,"valueName":"search_term_string"}}],"inLanguage":"de"}]}},"_links":{"self":[{"href":"https:\/\/www.mgalaxy.com\/de\/wp-json\/wp\/v2\/pages\/1962","targetHints":{"allow":["GET"]}}],"collection":[{"href":"https:\/\/www.mgalaxy.com\/de\/wp-json\/wp\/v2\/pages"}],"about":[{"href":"https:\/\/www.mgalaxy.com\/de\/wp-json\/wp\/v2\/types\/page"}],"author":[{"embeddable":true,"href":"https:\/\/www.mgalaxy.com\/de\/wp-json\/wp\/v2\/users\/3"}],"replies":[{"embeddable":true,"href":"https:\/\/www.mgalaxy.com\/de\/wp-json\/wp\/v2\/comments?post=1962"}],"version-history":[{"count":7,"href":"https:\/\/www.mgalaxy.com\/de\/wp-json\/wp\/v2\/pages\/1962\/revisions"}],"predecessor-version":[{"id":4315,"href":"https:\/\/www.mgalaxy.com\/de\/wp-json\/wp\/v2\/pages\/1962\/revisions\/4315"}],"wp:attachment":[{"href":"https:\/\/www.mgalaxy.com\/de\/wp-json\/wp\/v2\/media?parent=1962"}],"curies":[{"name":"wp","href":"https:\/\/api.w.org\/{rel}","templated":true}]}}