{"id":1944,"date":"2020-10-19T09:57:11","date_gmt":"2020-10-19T09:57:11","guid":{"rendered":"https:\/\/www.mgalaxy.com\/herunterladen\/"},"modified":"2024-11-03T17:09:16","modified_gmt":"2024-11-03T17:09:16","slug":"herunterladen","status":"publish","type":"page","link":"https:\/\/www.mgalaxy.com\/de\/herunterladen\/","title":{"rendered":"Herunterladen"},"content":{"rendered":"\t\t<div data-elementor-type=\"wp-page\" data-elementor-id=\"1944\" class=\"elementor elementor-1944 elementor-129\" data-elementor-post-type=\"page\">\n\t\t\t\t\t\t<section class=\"elementor-section elementor-top-section elementor-element elementor-element-9c25c3b elementor-section-boxed elementor-section-height-default elementor-section-height-default\" data-id=\"9c25c3b\" data-element_type=\"section\" data-e-type=\"section\">\n\t\t\t\t\t\t<div class=\"elementor-container elementor-column-gap-default\">\n\t\t\t\t\t<div class=\"elementor-column elementor-col-100 elementor-top-column elementor-element elementor-element-983cc8e\" data-id=\"983cc8e\" data-element_type=\"column\" data-e-type=\"column\">\n\t\t\t<div class=\"elementor-widget-wrap elementor-element-populated\">\n\t\t\t\t\t\t<div class=\"elementor-element elementor-element-bb798db elementor-widget elementor-widget-text-editor\" data-id=\"bb798db\" data-element_type=\"widget\" data-e-type=\"widget\" data-widget_type=\"text-editor.default\">\n\t\t\t\t<div class=\"elementor-widget-container\">\n\t\t\t\t\t\t\t\t\t<h2>mGalaxy v10.1 Installieren\/Aktualisieren<\/h2>\n\t\t\t\t\t\t\t\t<\/div>\n\t\t\t\t<\/div>\n\t\t\t\t<div class=\"elementor-element elementor-element-6f14dd2 elementor-widget elementor-widget-text-editor\" data-id=\"6f14dd2\" data-element_type=\"widget\" data-e-type=\"widget\" data-widget_type=\"text-editor.default\">\n\t\t\t\t<div class=\"elementor-widget-container\">\n\t\t\t\t\t\t\t\t\t<p><a href=\"https:\/\/www.mgalaxy.com\/version-history\/\" target=\"_blank\" rel=\"noopener\">\u00c4nderungsprotokoll<\/a><\/p>\n\t\t\t\t\t\t\t\t<\/div>\n\t\t\t\t<\/div>\n\t\t\t\t<section class=\"elementor-section elementor-inner-section elementor-element elementor-element-87903d8 elementor-section-boxed elementor-section-height-default elementor-section-height-default\" data-id=\"87903d8\" data-element_type=\"section\" data-e-type=\"section\" data-settings=\"{&quot;background_background&quot;:&quot;classic&quot;}\">\n\t\t\t\t\t\t<div class=\"elementor-container elementor-column-gap-wide\">\n\t\t\t\t\t<div class=\"elementor-column elementor-col-50 elementor-inner-column elementor-element elementor-element-43015c1\" data-id=\"43015c1\" data-element_type=\"column\" data-e-type=\"column\">\n\t\t\t<div class=\"elementor-widget-wrap elementor-element-populated\">\n\t\t\t\t\t\t<div class=\"elementor-element elementor-element-1a11d07 elementor-widget elementor-widget-image\" data-id=\"1a11d07\" data-element_type=\"widget\" data-e-type=\"widget\" data-widget_type=\"image.default\">\n\t\t\t\t<div class=\"elementor-widget-container\">\n\t\t\t\t\t\t\t\t\t\t\t\t\t\t\t<img fetchpriority=\"high\" decoding=\"async\" width=\"256\" height=\"256\" src=\"https:\/\/www.mgalaxy.com\/wp-content\/uploads\/macos.png\" class=\"attachment-full size-full wp-image-3805\" alt=\"\" \/>\t\t\t\t\t\t\t\t\t\t\t\t\t\t\t<\/div>\n\t\t\t\t<\/div>\n\t\t\t\t<div class=\"elementor-element elementor-element-269fa8f elementor-widget elementor-widget-text-editor\" data-id=\"269fa8f\" data-element_type=\"widget\" data-e-type=\"widget\" data-widget_type=\"text-editor.default\">\n\t\t\t\t<div class=\"elementor-widget-container\">\n\t\t\t\t\t\t\t\t\t<h3>macOS High Sierra 10.13+<\/h3>\n\t\t\t\t\t\t\t\t<\/div>\n\t\t\t\t<\/div>\n\t\t\t\t<div class=\"elementor-element elementor-element-e83cf8c elementor-align-center elementor-widget elementor-widget-button\" data-id=\"e83cf8c\" data-element_type=\"widget\" data-e-type=\"widget\" data-widget_type=\"button.default\">\n\t\t\t\t<div class=\"elementor-widget-container\">\n\t\t\t\t\t\t\t\t\t<div class=\"elementor-button-wrapper\">\n\t\t\t\t\t<a class=\"elementor-button matomo_download elementor-button-link elementor-size-xl\" href=\"https:\/\/www.mgalaxy.com\/downloads\/mGalaxyInstaller.pkg\">\n\t\t\t\t\t\t<span class=\"elementor-button-content-wrapper\">\n\t\t\t\t\t\t\t\t\t<span class=\"elementor-button-text\">Download<\/span>\n\t\t\t\t\t<\/span>\n\t\t\t\t\t<\/a>\n\t\t\t\t<\/div>\n\t\t\t\t\t\t\t\t<\/div>\n\t\t\t\t<\/div>\n\t\t\t\t<div class=\"elementor-element elementor-element-deb8c92 elementor-widget elementor-widget-text-editor\" data-id=\"deb8c92\" data-element_type=\"widget\" data-e-type=\"widget\" data-widget_type=\"text-editor.default\">\n\t\t\t\t<div class=\"elementor-widget-container\">\n\t\t\t\t\t\t\t\t\t<p style=\"text-align: center;\"><strong>ACHTUNG<\/strong><\/p>\r\n<p style=\"text-align: center;\">Um diese Meldung zu umgehen, klicken Sie bei gedr\u00fcckter Ctrl-Taste oder mit der rechten Maustaste auf &#8222;mGalaxyInstaller.pkg&#8220; und w\u00e4hlen Sie im Kontextmen\u00fc &#8222;\u00d6ffnen&#8220;.<\/p>\r\n<p style=\"text-align: center;\"><img decoding=\"async\" src=\"https:\/\/www.mgalaxy.com\/wp-content\/uploads\/gatekeeper1.png\" alt=\"\" width=\"286\" height=\"318\" \/><\/p>\t\t\t\t\t\t\t\t<\/div>\n\t\t\t\t<\/div>\n\t\t\t\t\t<\/div>\n\t\t<\/div>\n\t\t\t\t<div class=\"elementor-column elementor-col-50 elementor-inner-column elementor-element elementor-element-0054701\" data-id=\"0054701\" data-element_type=\"column\" data-e-type=\"column\">\n\t\t\t<div class=\"elementor-widget-wrap elementor-element-populated\">\n\t\t\t\t\t\t<div class=\"elementor-element elementor-element-859c040 elementor-widget elementor-widget-image\" data-id=\"859c040\" data-element_type=\"widget\" data-e-type=\"widget\" data-widget_type=\"image.default\">\n\t\t\t\t<div class=\"elementor-widget-container\">\n\t\t\t\t\t\t\t\t\t\t\t\t\t\t\t<img decoding=\"async\" width=\"256\" height=\"256\" src=\"https:\/\/www.mgalaxy.com\/wp-content\/uploads\/windows.png\" class=\"attachment-full size-full wp-image-3813\" alt=\"\" \/>\t\t\t\t\t\t\t\t\t\t\t\t\t\t\t<\/div>\n\t\t\t\t<\/div>\n\t\t\t\t<div class=\"elementor-element elementor-element-5741e89 elementor-widget elementor-widget-text-editor\" data-id=\"5741e89\" data-element_type=\"widget\" data-e-type=\"widget\" data-widget_type=\"text-editor.default\">\n\t\t\t\t<div class=\"elementor-widget-container\">\n\t\t\t\t\t\t\t\t\t<h3>Windows 7 (x64) \/ 8 \/ 10 \/ 11<\/h3>\n\t\t\t\t\t\t\t\t<\/div>\n\t\t\t\t<\/div>\n\t\t\t\t<div class=\"elementor-element elementor-element-3a87e9a elementor-align-center elementor-widget elementor-widget-button\" data-id=\"3a87e9a\" data-element_type=\"widget\" data-e-type=\"widget\" data-widget_type=\"button.default\">\n\t\t\t\t<div class=\"elementor-widget-container\">\n\t\t\t\t\t\t\t\t\t<div class=\"elementor-button-wrapper\">\n\t\t\t\t\t<a class=\"elementor-button elementor-button-link elementor-size-xl\" href=\"https:\/\/www.mgalaxy.com\/downloads\/mGalaxy_Setup.exe\">\n\t\t\t\t\t\t<span class=\"elementor-button-content-wrapper\">\n\t\t\t\t\t\t\t\t\t<span class=\"elementor-button-text\">Download<\/span>\n\t\t\t\t\t<\/span>\n\t\t\t\t\t<\/a>\n\t\t\t\t<\/div>\n\t\t\t\t\t\t\t\t<\/div>\n\t\t\t\t<\/div>\n\t\t\t\t<div class=\"elementor-element elementor-element-bba094d elementor-widget elementor-widget-text-editor\" data-id=\"bba094d\" data-element_type=\"widget\" data-e-type=\"widget\" data-widget_type=\"text-editor.default\">\n\t\t\t\t<div class=\"elementor-widget-container\">\n\t\t\t\t\t\t\t\t\t<p style=\"text-align: center;\">ACHTUNG<\/p>\n<p style=\"text-align: center;\">SmartScreen ist ein Filterprogramm von Microsoft, das verd\u00e4chtige Anwendungen erkennt und blockiert.<br \/>\nDie Filterung wird durch eine &#8222;Reputations&#8220;-Bewertung erreicht.<br \/>\nDa es sich bei dem mGalaxy-Installationsprogramm um eine brandneue Datei handelt (mit einer niedrigen &#8222;Reputation&#8220;), ist es m\u00f6glich, dass dieser Bildschirm erscheint.<br \/>\nKlicken Sie in diesem Fall einfach auf &#8222;Mehr Informationen&#8220; und dann auf &#8222;Trotzdem ausf\u00fchren&#8220;, um die mGalaxy-Installation zu starten.<\/p>\n<p style=\"text-align: center;\"><img loading=\"lazy\" decoding=\"async\" src=\"https:\/\/www.mgalaxy.com\/wp-content\/uploads\/smartscreen1.png\" alt=\"\" width=\"352\" height=\"170\" \/><img loading=\"lazy\" decoding=\"async\" src=\"https:\/\/www.mgalaxy.com\/wp-content\/uploads\/smartscreen2.png\" alt=\"\" width=\"352\" height=\"170\" \/><\/p>\n\t\t\t\t\t\t\t\t<\/div>\n\t\t\t\t<\/div>\n\t\t\t\t\t<\/div>\n\t\t<\/div>\n\t\t\t\t\t<\/div>\n\t\t<\/section>\n\t\t\t\t<div class=\"elementor-element elementor-element-d4fb13e elementor-widget elementor-widget-spacer\" data-id=\"d4fb13e\" data-element_type=\"widget\" data-e-type=\"widget\" data-widget_type=\"spacer.default\">\n\t\t\t\t<div class=\"elementor-widget-container\">\n\t\t\t\t\t\t\t<div class=\"elementor-spacer\">\n\t\t\t<div class=\"elementor-spacer-inner\"><\/div>\n\t\t<\/div>\n\t\t\t\t\t\t<\/div>\n\t\t\t\t<\/div>\n\t\t\t\t<div class=\"elementor-element elementor-element-89d7310 elementor-widget elementor-widget-image\" data-id=\"89d7310\" data-element_type=\"widget\" data-e-type=\"widget\" data-widget_type=\"image.default\">\n\t\t\t\t<div class=\"elementor-widget-container\">\n\t\t\t\t\t\t\t\t\t\t\t\t\t\t\t<img loading=\"lazy\" decoding=\"async\" width=\"379\" height=\"53\" src=\"https:\/\/www.mgalaxy.com\/wp-content\/uploads\/mgPremiumLogo.png\" class=\"attachment-full size-full wp-image-1193\" alt=\"\" srcset=\"https:\/\/www.mgalaxy.com\/wp-content\/uploads\/mgPremiumLogo.png 379w, https:\/\/www.mgalaxy.com\/wp-content\/uploads\/mgPremiumLogo-300x42.png 300w\" sizes=\"(max-width: 379px) 100vw, 379px\" \/>\t\t\t\t\t\t\t\t\t\t\t\t\t\t\t<\/div>\n\t\t\t\t<\/div>\n\t\t\t\t<div class=\"elementor-element elementor-element-3f5f8fe elementor-widget elementor-widget-text-editor\" data-id=\"3f5f8fe\" data-element_type=\"widget\" data-e-type=\"widget\" data-widget_type=\"text-editor.default\">\n\t\t\t\t<div class=\"elementor-widget-container\">\n\t\t\t\t\t\t\t\t\t<h3>Die Nutzung von mGalaxy ist kostenlos.<br \/>\nEin Upgrade auf die &#8222;Premium&#8220;-Version bringt Ihnen interessante zus\u00e4tzliche Funktionen!<br \/>\n<a href=\"http:\/\/localhost\/mGalaxy_WP\/premium\/\">Schauen Sie sie sich an und sehen Sie, ob sie Ihnen gefallen!<\/a><\/h3>\n\t\t\t\t\t\t\t\t<\/div>\n\t\t\t\t<\/div>\n\t\t\t\t\t<\/div>\n\t\t<\/div>\n\t\t\t\t\t<\/div>\n\t\t<\/section>\n\t\t\t\t<\/div>\n\t\t","protected":false},"excerpt":{"rendered":"<p>mGalaxy v10.1 Installieren\/Aktualisieren \u00c4nderungsprotokoll macOS High Sierra 10.13+ Download ACHTUNG Um diese Meldung zu umgehen, klicken Sie bei gedr\u00fcckter Ctrl-Taste oder mit der rechten Maustaste auf &#8222;mGalaxyInstaller.pkg&#8220; und w\u00e4hlen Sie im Kontextmen\u00fc &#8222;\u00d6ffnen&#8220;. Windows 7 (x64) \/ 8 \/ 10 \/ 11 Download ACHTUNG SmartScreen ist ein Filterprogramm von Microsoft, das verd\u00e4chtige Anwendungen erkennt und [&hellip;]<\/p>\n","protected":false},"author":3,"featured_media":0,"parent":0,"menu_order":0,"comment_status":"closed","ping_status":"closed","template":"","meta":{"footnotes":""},"class_list":["post-1944","page","type-page","status-publish","hentry"],"yoast_head":"<!-- This site is optimized with the Yoast SEO Premium plugin v25.3.1 (Yoast SEO v27.0) - https:\/\/yoast.com\/product\/yoast-seo-premium-wordpress\/ -->\n<title>Herunterladen - mGalaxy<\/title>\n<meta name=\"description\" content=\"mGalaxy - The BEST and easiest frontend for emulation (Mame arcade, game console emulators) layed out in a neat and nice interface.\" \/>\n<meta name=\"robots\" content=\"index, follow, max-snippet:-1, max-image-preview:large, max-video-preview:-1\" \/>\n<link rel=\"canonical\" href=\"https:\/\/www.mgalaxy.com\/de\/herunterladen\/\" \/>\n<meta property=\"og:locale\" content=\"de_DE\" \/>\n<meta property=\"og:type\" content=\"article\" \/>\n<meta property=\"og:title\" content=\"Herunterladen\" \/>\n<meta property=\"og:description\" content=\"mGalaxy - The BEST and easiest frontend for emulation (Mame arcade, game console emulators) layed out in a neat and nice interface.\" \/>\n<meta property=\"og:url\" content=\"https:\/\/www.mgalaxy.com\/de\/herunterladen\/\" \/>\n<meta property=\"og:site_name\" content=\"mGalaxy\" \/>\n<meta property=\"article:publisher\" content=\"https:\/\/www.facebook.com\/mgalaxyFE\" \/>\n<meta property=\"article:modified_time\" content=\"2024-11-03T17:09:16+00:00\" \/>\n<meta property=\"og:image\" content=\"https:\/\/www.mgalaxy.com\/wp-content\/uploads\/macos.png\" \/>\n\t<meta property=\"og:image:width\" content=\"256\" \/>\n\t<meta property=\"og:image:height\" content=\"256\" \/>\n\t<meta property=\"og:image:type\" content=\"image\/png\" \/>\n<meta name=\"twitter:card\" content=\"summary_large_image\" \/>\n<meta name=\"twitter:site\" content=\"@mGalaxyFE\" \/>\n<meta name=\"twitter:label1\" content=\"Gesch\u00e4tzte Lesezeit\" \/>\n\t<meta name=\"twitter:data1\" content=\"1\u00a0Minute\" \/>\n<script type=\"application\/ld+json\" class=\"yoast-schema-graph\">{\"@context\":\"https:\/\/schema.org\",\"@graph\":[{\"@type\":\"WebPage\",\"@id\":\"https:\/\/www.mgalaxy.com\/de\/herunterladen\/\",\"url\":\"https:\/\/www.mgalaxy.com\/de\/herunterladen\/\",\"name\":\"Herunterladen - mGalaxy\",\"isPartOf\":{\"@id\":\"https:\/\/www.mgalaxy.com\/de\/#website\"},\"primaryImageOfPage\":{\"@id\":\"https:\/\/www.mgalaxy.com\/de\/herunterladen\/#primaryimage\"},\"image\":{\"@id\":\"https:\/\/www.mgalaxy.com\/de\/herunterladen\/#primaryimage\"},\"thumbnailUrl\":\"https:\/\/www.mgalaxy.com\/wp-content\/uploads\/macos.png\",\"datePublished\":\"2020-10-19T09:57:11+00:00\",\"dateModified\":\"2024-11-03T17:09:16+00:00\",\"description\":\"mGalaxy - The BEST and easiest frontend for emulation (Mame arcade, game console emulators) layed out in a neat and nice interface.\",\"breadcrumb\":{\"@id\":\"https:\/\/www.mgalaxy.com\/de\/herunterladen\/#breadcrumb\"},\"inLanguage\":\"de\",\"potentialAction\":[{\"@type\":\"ReadAction\",\"target\":[\"https:\/\/www.mgalaxy.com\/de\/herunterladen\/\"]}]},{\"@type\":\"ImageObject\",\"inLanguage\":\"de\",\"@id\":\"https:\/\/www.mgalaxy.com\/de\/herunterladen\/#primaryimage\",\"url\":\"https:\/\/www.mgalaxy.com\/wp-content\/uploads\/macos.png\",\"contentUrl\":\"https:\/\/www.mgalaxy.com\/wp-content\/uploads\/macos.png\"},{\"@type\":\"BreadcrumbList\",\"@id\":\"https:\/\/www.mgalaxy.com\/de\/herunterladen\/#breadcrumb\",\"itemListElement\":[{\"@type\":\"ListItem\",\"position\":1,\"name\":\"Home\",\"item\":\"https:\/\/www.mgalaxy.com\/de\/\"},{\"@type\":\"ListItem\",\"position\":2,\"name\":\"Herunterladen\"}]},{\"@type\":\"WebSite\",\"@id\":\"https:\/\/www.mgalaxy.com\/de\/#website\",\"url\":\"https:\/\/www.mgalaxy.com\/de\/\",\"name\":\"mGalaxy\",\"description\":\"mGalaxy - The best and easiest frontend for emulation (Mame arcade, game console emulators) layed out in a neat and nice interface.\",\"potentialAction\":[{\"@type\":\"SearchAction\",\"target\":{\"@type\":\"EntryPoint\",\"urlTemplate\":\"https:\/\/www.mgalaxy.com\/de\/?s={search_term_string}\"},\"query-input\":{\"@type\":\"PropertyValueSpecification\",\"valueRequired\":true,\"valueName\":\"search_term_string\"}}],\"inLanguage\":\"de\"}]}<\/script>\n<!-- \/ Yoast SEO Premium plugin. -->","yoast_head_json":{"title":"Herunterladen - mGalaxy","description":"mGalaxy - The BEST and easiest frontend for emulation (Mame arcade, game console emulators) layed out in a neat and nice interface.","robots":{"index":"index","follow":"follow","max-snippet":"max-snippet:-1","max-image-preview":"max-image-preview:large","max-video-preview":"max-video-preview:-1"},"canonical":"https:\/\/www.mgalaxy.com\/de\/herunterladen\/","og_locale":"de_DE","og_type":"article","og_title":"Herunterladen","og_description":"mGalaxy - The BEST and easiest frontend for emulation (Mame arcade, game console emulators) layed out in a neat and nice interface.","og_url":"https:\/\/www.mgalaxy.com\/de\/herunterladen\/","og_site_name":"mGalaxy","article_publisher":"https:\/\/www.facebook.com\/mgalaxyFE","article_modified_time":"2024-11-03T17:09:16+00:00","og_image":[{"width":256,"height":256,"url":"https:\/\/www.mgalaxy.com\/wp-content\/uploads\/macos.png","type":"image\/png"}],"twitter_card":"summary_large_image","twitter_site":"@mGalaxyFE","twitter_misc":{"Gesch\u00e4tzte Lesezeit":"1\u00a0Minute"},"schema":{"@context":"https:\/\/schema.org","@graph":[{"@type":"WebPage","@id":"https:\/\/www.mgalaxy.com\/de\/herunterladen\/","url":"https:\/\/www.mgalaxy.com\/de\/herunterladen\/","name":"Herunterladen - mGalaxy","isPartOf":{"@id":"https:\/\/www.mgalaxy.com\/de\/#website"},"primaryImageOfPage":{"@id":"https:\/\/www.mgalaxy.com\/de\/herunterladen\/#primaryimage"},"image":{"@id":"https:\/\/www.mgalaxy.com\/de\/herunterladen\/#primaryimage"},"thumbnailUrl":"https:\/\/www.mgalaxy.com\/wp-content\/uploads\/macos.png","datePublished":"2020-10-19T09:57:11+00:00","dateModified":"2024-11-03T17:09:16+00:00","description":"mGalaxy - The BEST and easiest frontend for emulation (Mame arcade, game console emulators) layed out in a neat and nice interface.","breadcrumb":{"@id":"https:\/\/www.mgalaxy.com\/de\/herunterladen\/#breadcrumb"},"inLanguage":"de","potentialAction":[{"@type":"ReadAction","target":["https:\/\/www.mgalaxy.com\/de\/herunterladen\/"]}]},{"@type":"ImageObject","inLanguage":"de","@id":"https:\/\/www.mgalaxy.com\/de\/herunterladen\/#primaryimage","url":"https:\/\/www.mgalaxy.com\/wp-content\/uploads\/macos.png","contentUrl":"https:\/\/www.mgalaxy.com\/wp-content\/uploads\/macos.png"},{"@type":"BreadcrumbList","@id":"https:\/\/www.mgalaxy.com\/de\/herunterladen\/#breadcrumb","itemListElement":[{"@type":"ListItem","position":1,"name":"Home","item":"https:\/\/www.mgalaxy.com\/de\/"},{"@type":"ListItem","position":2,"name":"Herunterladen"}]},{"@type":"WebSite","@id":"https:\/\/www.mgalaxy.com\/de\/#website","url":"https:\/\/www.mgalaxy.com\/de\/","name":"mGalaxy","description":"mGalaxy - The best and easiest frontend for emulation (Mame arcade, game console emulators) layed out in a neat and nice interface.","potentialAction":[{"@type":"SearchAction","target":{"@type":"EntryPoint","urlTemplate":"https:\/\/www.mgalaxy.com\/de\/?s={search_term_string}"},"query-input":{"@type":"PropertyValueSpecification","valueRequired":true,"valueName":"search_term_string"}}],"inLanguage":"de"}]}},"_links":{"self":[{"href":"https:\/\/www.mgalaxy.com\/de\/wp-json\/wp\/v2\/pages\/1944","targetHints":{"allow":["GET"]}}],"collection":[{"href":"https:\/\/www.mgalaxy.com\/de\/wp-json\/wp\/v2\/pages"}],"about":[{"href":"https:\/\/www.mgalaxy.com\/de\/wp-json\/wp\/v2\/types\/page"}],"author":[{"embeddable":true,"href":"https:\/\/www.mgalaxy.com\/de\/wp-json\/wp\/v2\/users\/3"}],"replies":[{"embeddable":true,"href":"https:\/\/www.mgalaxy.com\/de\/wp-json\/wp\/v2\/comments?post=1944"}],"version-history":[{"count":10,"href":"https:\/\/www.mgalaxy.com\/de\/wp-json\/wp\/v2\/pages\/1944\/revisions"}],"predecessor-version":[{"id":4306,"href":"https:\/\/www.mgalaxy.com\/de\/wp-json\/wp\/v2\/pages\/1944\/revisions\/4306"}],"wp:attachment":[{"href":"https:\/\/www.mgalaxy.com\/de\/wp-json\/wp\/v2\/media?parent=1944"}],"curies":[{"name":"wp","href":"https:\/\/api.w.org\/{rel}","templated":true}]}}